{"id":4134,"date":"2020-05-26T13:19:08","date_gmt":"2020-05-26T13:19:08","guid":{"rendered":"https:\/\/lightup.lv\/product\/kaju-solins-vevi-no-brafab\/"},"modified":"2024-01-29T11:00:56","modified_gmt":"2024-01-29T11:00:56","slug":"kaju-solins-vevi-no-brafab","status":"publish","type":"product","link":"https:\/\/lightup.lv\/ru\/precu-katalogs\/kaju-solins-vevi-no-brafab\/","title":{"rendered":"\u041f\u043e\u0434\u0441\u0442\u0430\u0432\u043a\u0430 \u0434\u043b\u044f \u043d\u043e\u0433 Vevi \u043e\u0442 Brafab"},"content":{"rendered":"<p>Kr\u0101sa: melns\/ dab\u012bga t\u012bkkoka<br \/>\n\u0414\u043b\u0438\u043d\u0430: 66 \u0441\u043c<br \/>\nPlatums: 45 cm<br \/>\nAugstums: 48 cm<\/p>\n<p>K\u0101ju soli\u0146s Vevi no Brafab.<\/p>\n<p>ID 1209-8<\/p>","protected":false},"excerpt":{"rendered":"<p>Elegants, moderns dizains lab\u0101kaj\u0101 gad\u012bjum\u0101. Vevi kolekcija ietver sev\u012b proporcion\u0101lu t\u012bkkoka pusdienu galdu ar vietu 6-8 cilv\u0113kiem un \u0113rtus kr\u0113slus. Sortiment\u0101 ir ar\u012b sau\u013co\u0161an\u0101s kr\u0113sls, s\u0101nu galds, sols, atp\u016btas kr\u0113sli un pievilc\u012bgs zemais galds. Projekt\u0113jis <strong>\u0414\u0438\u043a \u0411\u044c\u043e\u0440\u043a.<\/strong><\/p>","protected":false},"featured_media":4135,"template":"","meta":{"_acf_changed":false},"product_brand":[],"product_cat":[51,50],"product_tag":[52],"class_list":{"0":"post-4134","1":"product","2":"type-product","3":"status-publish","4":"has-post-thumbnail","6":"product_cat-kresli-terases-mebeles","7":"product_cat-terases-mebeles","8":"product_tag-brafab","10":"first","11":"instock","12":"shipping-taxable","13":"purchasable","14":"product-type-simple"},"acf":[],"_links":{"self":[{"href":"https:\/\/lightup.lv\/ru\/wp-json\/wp\/v2\/product\/4134","targetHints":{"allow":["GET"]}}],"collection":[{"href":"https:\/\/lightup.lv\/ru\/wp-json\/wp\/v2\/product"}],"about":[{"href":"https:\/\/lightup.lv\/ru\/wp-json\/wp\/v2\/types\/product"}],"wp:featuredmedia":[{"embeddable":true,"href":"https:\/\/lightup.lv\/ru\/wp-json\/wp\/v2\/media\/4135"}],"wp:attachment":[{"href":"https:\/\/lightup.lv\/ru\/wp-json\/wp\/v2\/media?parent=4134"}],"wp:term":[{"taxonomy":"product_brand","embeddable":true,"href":"https:\/\/lightup.lv\/ru\/wp-json\/wp\/v2\/product_brand?post=4134"},{"taxonomy":"product_cat","embeddable":true,"href":"https:\/\/lightup.lv\/ru\/wp-json\/wp\/v2\/product_cat?post=4134"},{"taxonomy":"product_tag","embeddable":true,"href":"https:\/\/lightup.lv\/ru\/wp-json\/wp\/v2\/product_tag?post=4134"}],"curies":[{"name":"WP","href":"https:\/\/api.w.org\/{rel}","templated":true}]}}