{"id":4137,"date":"2020-05-26T13:33:40","date_gmt":"2020-05-26T13:33:40","guid":{"rendered":"https:\/\/lightup.lv\/product\/saulosanas-kresls-vevi\/"},"modified":"2024-01-29T08:14:51","modified_gmt":"2024-01-29T08:14:51","slug":"saulosanas-kresls-vevi","status":"publish","type":"product","link":"https:\/\/lightup.lv\/ru\/precu-katalogs\/saulosanas-kresls-vevi\/","title":{"rendered":"\u0428\u0435\u0437\u043b\u043e\u043d\u0433 Vevi"},"content":{"rendered":"<p>\u0426\u0432\u0435\u0442: \u0447\u0435\u0440\u043d\u044b\u0439\/\u0442\u0438\u043a\u043e\u0432\u044b\u0439<br \/>\nGarums: 202 cm<br \/>\n\u0428\u0438\u0440\u0438\u043d\u0430: 64 \u0441\u043c<br \/>\nAugstums: 104 cm<br \/>\nS\u0113des augstums: 35 cm<\/p>\n<p>Regul\u0113jams Sau\u013co\u0161an\u0101s kr\u0113sls Vevi.<\/p>\n<p>ID 1198-8<\/p>","protected":false},"excerpt":{"rendered":"<p>\u042d\u043b\u0435\u0433\u0430\u043d\u0442\u043d\u044b\u0439 \u0438 \u0441\u043e\u0432\u0440\u0435\u043c\u0435\u043d\u043d\u044b\u0439 \u0434\u0438\u0437\u0430\u0439\u043d \u0432 \u043b\u0443\u0447\u0448\u0435\u043c \u043f\u0440\u043e\u044f\u0432\u043b\u0435\u043d\u0438\u0438. \u041a\u043e\u043b\u043b\u0435\u043a\u0446\u0438\u044f Vevi \u0432\u043a\u043b\u044e\u0447\u0430\u0435\u0442 \u0432 \u0441\u0435\u0431\u044f \u043f\u0440\u043e\u043f\u043e\u0440\u0446\u0438\u043e\u043d\u0430\u043b\u044c\u043d\u044b\u0439 \u043e\u0431\u0435\u0434\u0435\u043d\u043d\u044b\u0439 \u0441\u0442\u043e\u043b \u0438\u0437 \u0442\u0438\u043a\u0430 \u043d\u0430 6-8 \u0447\u0435\u043b\u043e\u0432\u0435\u043a \u0441 \u0443\u0434\u043e\u0431\u043d\u044b\u043c\u0438 \u0441\u0442\u0443\u043b\u044c\u044f\u043c\u0438. \u0412 \u0430\u0441\u0441\u043e\u0440\u0442\u0438\u043c\u0435\u043d\u0442 \u0442\u0430\u043a\u0436\u0435 \u0432\u0445\u043e\u0434\u044f\u0442 \u0448\u0435\u0437\u043b\u043e\u043d\u0433, \u043f\u0440\u0438\u0441\u0442\u0430\u0432\u043d\u043e\u0439 \u0441\u0442\u043e\u043b\u0438\u043a, \u0441\u043a\u0430\u043c\u0435\u0439\u043a\u0430, \u043a\u0440\u0435\u0441\u043b\u0430 \u0434\u043b\u044f \u043e\u0442\u0434\u044b\u0445\u0430 \u0438 \u043f\u0440\u0438\u0432\u043b\u0435\u043a\u0430\u0442\u0435\u043b\u044c\u043d\u044b\u0439 \u043d\u0438\u0437\u043a\u0438\u0439 \u0441\u0442\u043e\u043b\u0438\u043a.<br \/>\n\u0420\u0430\u0437\u0440\u0430\u0431\u043e\u0442\u0430\u043d\u043e <strong>\u0414\u0438\u043a \u0411\u044c\u043e\u0440\u043a.<\/strong><\/p>","protected":false},"featured_media":4138,"template":"","meta":{"_acf_changed":false},"product_brand":[],"product_cat":[80,51,50,59],"product_tag":[52],"class_list":{"0":"post-4137","1":"product","2":"type-product","3":"status-publish","4":"has-post-thumbnail","6":"product_cat-atputas-kresli","7":"product_cat-kresli-terases-mebeles","8":"product_cat-terases-mebeles","9":"product_cat-zvilni","10":"product_tag-brafab","12":"first","13":"instock","14":"shipping-taxable","15":"purchasable","16":"product-type-simple"},"acf":[],"_links":{"self":[{"href":"https:\/\/lightup.lv\/ru\/wp-json\/wp\/v2\/product\/4137","targetHints":{"allow":["GET"]}}],"collection":[{"href":"https:\/\/lightup.lv\/ru\/wp-json\/wp\/v2\/product"}],"about":[{"href":"https:\/\/lightup.lv\/ru\/wp-json\/wp\/v2\/types\/product"}],"wp:featuredmedia":[{"embeddable":true,"href":"https:\/\/lightup.lv\/ru\/wp-json\/wp\/v2\/media\/4138"}],"wp:attachment":[{"href":"https:\/\/lightup.lv\/ru\/wp-json\/wp\/v2\/media?parent=4137"}],"wp:term":[{"taxonomy":"product_brand","embeddable":true,"href":"https:\/\/lightup.lv\/ru\/wp-json\/wp\/v2\/product_brand?post=4137"},{"taxonomy":"product_cat","embeddable":true,"href":"https:\/\/lightup.lv\/ru\/wp-json\/wp\/v2\/product_cat?post=4137"},{"taxonomy":"product_tag","embeddable":true,"href":"https:\/\/lightup.lv\/ru\/wp-json\/wp\/v2\/product_tag?post=4137"}],"curies":[{"name":"WP","href":"https:\/\/api.w.org\/{rel}","templated":true}]}}