{"id":4171,"date":"2020-05-27T17:08:49","date_gmt":"2020-05-27T17:08:49","guid":{"rendered":"https:\/\/lightup.lv\/product\/trisvietigs-atputas-divans-sofa-kenton\/"},"modified":"2024-01-29T08:06:01","modified_gmt":"2024-01-29T08:06:01","slug":"trisvietigs-atputas-divans-sofa-kenton","status":"publish","type":"product","link":"https:\/\/lightup.lv\/ru\/%d0%ba%d0%b0%d1%82%d0%b0%d0%bb%d0%be%d0%b3-%d0%bf%d1%80%d0%be%d0%b4%d1%83%d0%ba%d1%86%d0%b8%d0%b8\/trisvietigs-atputas-divans-sofa-kenton\/","title":{"rendered":"\u0422\u0440\u0451\u0445\u043c\u0435\u0441\u0442\u043d\u044b\u0439 \u0434\u0438\u0432\u0430\u043d \u0434\u043b\u044f \u0433\u043e\u0441\u0442\u0438\u043d\u043e\u0439 | \u0434\u0438\u0432\u0430\u043d Kenton"},"content":{"rendered":"<p>Kr\u0101sa: pel\u0113ks<br \/>\nGarums: 194 cm<br \/>\n\u0428\u0438\u0440\u0438\u043d\u0430: 80 \u0441\u043c<br \/>\nAugstums: 81 cm<br \/>\nS\u0113des augstums: 50 cm<\/p>\n<p>\u0422\u0440\u0451\u0445\u043c\u0435\u0441\u0442\u043d\u044b\u0439 \u0434\u0438\u0432\u0430\u043d \u0434\u043b\u044f \u0433\u043e\u0441\u0442\u0438\u043d\u043e\u0439 | \u0434\u0438\u0432\u0430\u043d Kenton<\/p>\n<p>ID 5853-07-73<\/p>","protected":false},"excerpt":{"rendered":"<p>Kenton ir gaum\u012bga p\u012bta un t\u012bkkoka savienojumu s\u0113rija, kas lieliski ieder\u0113sies ziemas d\u0101rz\u0101.\u00a0 \u0112damkr\u0113sls ir komplekt\u0101 ar s\u0113dek\u013ca spilvenu un \u0113rtu atzveltni.<br \/>\nTr\u012bsviet\u012bgajam d\u012bv\u0101nam ir divi biez\u0101ki s\u0113dek\u013cu spilveni un atzveltnes. Visi redzami un p\u0101rkl\u0101ti ar pel\u0113ku olef\u012bnu audumu. \u0112damistabas kr\u0113sls un lieliski savienojums ar Brafab s\u0113rijas t\u012bkloka pusdienu galdiem, d\u012bv\u0101niem un t\u012bkkoka kafijas galdi\u0146iem.<\/p>","protected":false},"featured_media":4172,"template":"","meta":{"_acf_changed":false},"product_brand":[],"product_cat":[73,50],"product_tag":[52],"class_list":{"0":"post-4171","1":"product","2":"type-product","3":"status-publish","4":"has-post-thumbnail","6":"product_cat-divani-terases","7":"product_cat-terases-mebeles","8":"product_tag-brafab","10":"first","11":"instock","12":"shipping-taxable","13":"purchasable","14":"product-type-simple"},"acf":[],"_links":{"self":[{"href":"https:\/\/lightup.lv\/ru\/wp-json\/wp\/v2\/product\/4171","targetHints":{"allow":["GET"]}}],"collection":[{"href":"https:\/\/lightup.lv\/ru\/wp-json\/wp\/v2\/product"}],"about":[{"href":"https:\/\/lightup.lv\/ru\/wp-json\/wp\/v2\/types\/product"}],"wp:featuredmedia":[{"embeddable":true,"href":"https:\/\/lightup.lv\/ru\/wp-json\/wp\/v2\/media\/4172"}],"wp:attachment":[{"href":"https:\/\/lightup.lv\/ru\/wp-json\/wp\/v2\/media?parent=4171"}],"wp:term":[{"taxonomy":"product_brand","embeddable":true,"href":"https:\/\/lightup.lv\/ru\/wp-json\/wp\/v2\/product_brand?post=4171"},{"taxonomy":"product_cat","embeddable":true,"href":"https:\/\/lightup.lv\/ru\/wp-json\/wp\/v2\/product_cat?post=4171"},{"taxonomy":"product_tag","embeddable":true,"href":"https:\/\/lightup.lv\/ru\/wp-json\/wp\/v2\/product_tag?post=4171"}],"curies":[{"name":"wp","href":"https:\/\/api.w.org\/{rel}","templated":true}]}}