{"id":4241,"date":"2020-06-12T19:02:27","date_gmt":"2020-06-12T19:02:27","guid":{"rendered":"https:\/\/lightup.lv\/product\/kresls-ar-roku-balstiem-amesdale\/"},"modified":"2024-01-29T08:05:00","modified_gmt":"2024-01-29T08:05:00","slug":"kresls-ar-roku-balstiem-amesdale","status":"publish","type":"product","link":"https:\/\/lightup.lv\/ru\/%d0%ba%d0%b0%d1%82%d0%b0%d0%bb%d0%be%d0%b3-%d0%bf%d1%80%d0%be%d0%b4%d1%83%d0%ba%d1%86%d0%b8%d0%b8\/kresls-ar-roku-balstiem-amesdale\/","title":{"rendered":"\u0421\u0442\u0443\u043b \u0441 \u043f\u043e\u0434\u043b\u043e\u043a\u043e\u0442\u043d\u0438\u043a\u0430\u043c\u0438 \u042d\u0439\u043c\u0441\u0434\u0435\u0439\u043b"},"content":{"rendered":"<p>Kr\u0101sa : Gai\u0161i pel\u0113ks antrac\u012bts<br \/>\nPlatums: 92 cm<br \/>\nGarums: 102 cm<br \/>\n\u0420\u043e\u0441\u0442: 75 \u0441\u043c.<br \/>\nS\u0113des augstums: 39 cm<\/p>\n<p>\u0421\u0442\u0443\u043b \u0441 \u043f\u043e\u0434\u043b\u043e\u043a\u043e\u0442\u043d\u0438\u043a\u0430\u043c\u0438 \u042d\u0439\u043c\u0441\u0434\u0435\u0439\u043b<\/p>\n<p>ID 1191-7-07<\/p>","protected":false},"excerpt":{"rendered":"<p>D\u0101sni piel\u0101gota minim\u0101lisma atp\u016btas\u00a0 grupa. S\u0113rija sast\u0101v no: tr\u012bsviet\u012bga d\u012bv\u0101na, \u0113rta kr\u0113sla un kafijas galdi\u0146a ar t\u012bkkoka virsu un ar praktisku plauktu zem t\u0101. Dizains no Hugo de Ruiters.<\/p>","protected":false},"featured_media":4242,"template":"","meta":{"_acf_changed":false},"product_brand":[],"product_cat":[80,73,51,50],"product_tag":[52],"class_list":{"0":"post-4241","1":"product","2":"type-product","3":"status-publish","4":"has-post-thumbnail","6":"product_cat-atputas-kresli","7":"product_cat-divani-terases","8":"product_cat-kresli-terases-mebeles","9":"product_cat-terases-mebeles","10":"product_tag-brafab","12":"first","13":"instock","14":"shipping-taxable","15":"purchasable","16":"product-type-simple"},"acf":[],"_links":{"self":[{"href":"https:\/\/lightup.lv\/ru\/wp-json\/wp\/v2\/product\/4241","targetHints":{"allow":["GET"]}}],"collection":[{"href":"https:\/\/lightup.lv\/ru\/wp-json\/wp\/v2\/product"}],"about":[{"href":"https:\/\/lightup.lv\/ru\/wp-json\/wp\/v2\/types\/product"}],"wp:featuredmedia":[{"embeddable":true,"href":"https:\/\/lightup.lv\/ru\/wp-json\/wp\/v2\/media\/4242"}],"wp:attachment":[{"href":"https:\/\/lightup.lv\/ru\/wp-json\/wp\/v2\/media?parent=4241"}],"wp:term":[{"taxonomy":"product_brand","embeddable":true,"href":"https:\/\/lightup.lv\/ru\/wp-json\/wp\/v2\/product_brand?post=4241"},{"taxonomy":"product_cat","embeddable":true,"href":"https:\/\/lightup.lv\/ru\/wp-json\/wp\/v2\/product_cat?post=4241"},{"taxonomy":"product_tag","embeddable":true,"href":"https:\/\/lightup.lv\/ru\/wp-json\/wp\/v2\/product_tag?post=4241"}],"curies":[{"name":"wp","href":"https:\/\/api.w.org\/{rel}","templated":true}]}}