{"id":4246,"date":"2020-06-12T19:27:05","date_gmt":"2020-06-12T19:27:05","guid":{"rendered":"https:\/\/lightup.lv\/product\/3-vietiga-sofa-amesdale\/"},"modified":"2024-02-27T15:07:39","modified_gmt":"2024-02-27T15:07:39","slug":"3-vietiga-sofa-amesdale","status":"publish","type":"product","link":"https:\/\/lightup.lv\/ru\/precu-katalogs\/3-vietiga-sofa-amesdale\/","title":{"rendered":"3-\u043c\u0435\u0441\u0442\u043d\u044b\u0439 \u0434\u0438\u0432\u0430\u043d \u042d\u0439\u043c\u0441\u0434\u0435\u0439\u043b"},"content":{"rendered":"<p>Kr\u0101sa : Gai\u0161i pel\u0113ks antrac\u012bts<br \/>\nPlatums: 92 cm<br \/>\nGarums: 208 cm<br \/>\n\u0420\u043e\u0441\u0442: 75 \u0441\u043c.<br \/>\nS\u0113des augstums: 39 cm<\/p>\n<p>3-\u043c\u0435\u0441\u0442\u043d\u044b\u0439 \u0434\u0438\u0432\u0430\u043d \u042d\u0439\u043c\u0441\u0434\u0435\u0439\u043b<\/p>\n<p>ID 1193-7-07<\/p>","protected":false},"excerpt":{"rendered":"<p>D\u0101sni piel\u0101gota minim\u0101lisma atp\u016btas\u00a0 grupa. S\u0113rija sast\u0101v no: tr\u012bsviet\u012bga d\u012bv\u0101na, \u0113rta kr\u0113sla un kafijas galdi\u0146a ar t\u012bkkoka virsu un ar praktisku plauktu zem t\u0101. Dizains no Hugo de Ruiters.<\/p>","protected":false},"featured_media":4247,"template":"","meta":{"_acf_changed":false},"product_brand":[],"product_cat":[73,51,50],"product_tag":[52],"class_list":{"0":"post-4246","1":"product","2":"type-product","3":"status-publish","4":"has-post-thumbnail","6":"product_cat-divani-terases","7":"product_cat-kresli-terases-mebeles","8":"product_cat-terases-mebeles","9":"product_tag-brafab","11":"first","12":"instock","13":"sale","14":"shipping-taxable","15":"purchasable","16":"product-type-simple"},"acf":[],"_links":{"self":[{"href":"https:\/\/lightup.lv\/ru\/wp-json\/wp\/v2\/product\/4246","targetHints":{"allow":["GET"]}}],"collection":[{"href":"https:\/\/lightup.lv\/ru\/wp-json\/wp\/v2\/product"}],"about":[{"href":"https:\/\/lightup.lv\/ru\/wp-json\/wp\/v2\/types\/product"}],"wp:featuredmedia":[{"embeddable":true,"href":"https:\/\/lightup.lv\/ru\/wp-json\/wp\/v2\/media\/4247"}],"wp:attachment":[{"href":"https:\/\/lightup.lv\/ru\/wp-json\/wp\/v2\/media?parent=4246"}],"wp:term":[{"taxonomy":"product_brand","embeddable":true,"href":"https:\/\/lightup.lv\/ru\/wp-json\/wp\/v2\/product_brand?post=4246"},{"taxonomy":"product_cat","embeddable":true,"href":"https:\/\/lightup.lv\/ru\/wp-json\/wp\/v2\/product_cat?post=4246"},{"taxonomy":"product_tag","embeddable":true,"href":"https:\/\/lightup.lv\/ru\/wp-json\/wp\/v2\/product_tag?post=4246"}],"curies":[{"name":"WP","href":"https:\/\/api.w.org\/{rel}","templated":true}]}}