{"id":4251,"date":"2020-06-12T19:34:18","date_gmt":"2020-06-12T19:34:18","guid":{"rendered":"https:\/\/lightup.lv\/product\/kafijas-galds-amesdale\/"},"modified":"2024-01-29T08:04:45","modified_gmt":"2024-01-29T08:04:45","slug":"kafijas-galds-amesdale","status":"publish","type":"product","link":"https:\/\/lightup.lv\/ru\/precu-katalogs\/kafijas-galds-amesdale\/","title":{"rendered":"\u0416\u0443\u0440\u043d\u0430\u043b\u044c\u043d\u044b\u0439 \u0441\u0442\u043e\u043b\u0438\u043a \u042d\u0439\u043c\u0441\u0434\u0435\u0439\u043b"},"content":{"rendered":"<p>Kr\u0101sa : Gai\u0161i br\u016bns t\u012bkoks<br \/>\n\u0428\u0438\u0440\u0438\u043d\u0430: 80 \u0441\u043c<br \/>\n\u0414\u043b\u0438\u043d\u0430: 120 \u0441\u043c.<br \/>\nAugstums: 41 cm<\/p>\n<p>\u0416\u0443\u0440\u043d\u0430\u043b\u044c\u043d\u044b\u0439 \u0441\u0442\u043e\u043b\u0438\u043a \u042d\u0439\u043c\u0441\u0434\u0435\u0439\u043b<\/p>\n<p>ID 1197-7<\/p>","protected":false},"excerpt":{"rendered":"<p>D\u0101sni piel\u0101gota minim\u0101lisma atp\u016btas\u00a0 grupa. S\u0113rija sast\u0101v no: tr\u012bsviet\u012bga d\u012bv\u0101na, \u0113rta kr\u0113sla un kafijas galdi\u0146a ar t\u012bkkoka virsu un ar praktisku plauktu zem t\u0101. Dizains no Hugo de Ruiters.<\/p>","protected":false},"featured_media":4252,"template":"","meta":{"_acf_changed":false},"product_brand":[],"product_cat":[57,50,60],"product_tag":[52],"class_list":{"0":"post-4251","1":"product","2":"type-product","3":"status-publish","4":"has-post-thumbnail","6":"product_cat-galdi-terases-mebeles","7":"product_cat-terases-mebeles","8":"product_cat-kafijas-galdini","9":"product_tag-brafab","11":"first","12":"instock","13":"shipping-taxable","14":"purchasable","15":"product-type-simple"},"acf":[],"_links":{"self":[{"href":"https:\/\/lightup.lv\/ru\/wp-json\/wp\/v2\/product\/4251","targetHints":{"allow":["GET"]}}],"collection":[{"href":"https:\/\/lightup.lv\/ru\/wp-json\/wp\/v2\/product"}],"about":[{"href":"https:\/\/lightup.lv\/ru\/wp-json\/wp\/v2\/types\/product"}],"wp:featuredmedia":[{"embeddable":true,"href":"https:\/\/lightup.lv\/ru\/wp-json\/wp\/v2\/media\/4252"}],"wp:attachment":[{"href":"https:\/\/lightup.lv\/ru\/wp-json\/wp\/v2\/media?parent=4251"}],"wp:term":[{"taxonomy":"product_brand","embeddable":true,"href":"https:\/\/lightup.lv\/ru\/wp-json\/wp\/v2\/product_brand?post=4251"},{"taxonomy":"product_cat","embeddable":true,"href":"https:\/\/lightup.lv\/ru\/wp-json\/wp\/v2\/product_cat?post=4251"},{"taxonomy":"product_tag","embeddable":true,"href":"https:\/\/lightup.lv\/ru\/wp-json\/wp\/v2\/product_tag?post=4251"}],"curies":[{"name":"WP","href":"https:\/\/api.w.org\/{rel}","templated":true}]}}