{"id":4293,"date":"2020-06-13T15:12:06","date_gmt":"2020-06-13T15:12:06","guid":{"rendered":"https:\/\/lightup.lv\/product\/miksts-aizmugures-spilvens-chios-kreslam-ar-roku-balstiem\/"},"modified":"2024-01-18T11:58:22","modified_gmt":"2024-01-18T11:58:22","slug":"miksts-aizmugures-spilvens-chios-kreslam-ar-roku-balstiem","status":"publish","type":"product","link":"https:\/\/lightup.lv\/ru\/%d0%ba%d0%b0%d1%82%d0%b0%d0%bb%d0%be%d0%b3-%d0%bf%d1%80%d0%be%d0%b4%d1%83%d0%ba%d1%86%d0%b8%d0%b8\/miksts-aizmugures-spilvens-chios-kreslam-ar-roku-balstiem\/","title":{"rendered":"M\u012bksts aizmugures spilvens Chios kr\u0113slam ar roku balstiem"},"content":{"rendered":"<p>Kr\u0101sa: gai\u0161i b\u0113\u0161a, olef\u012bns<\/p>\n<p>M\u012bksts aizmugures spilvens Chios kr\u0113slam ar roku balstiem.<\/p>\n<p> ID 661-22<\/p>","protected":false},"excerpt":{"rendered":"<p>Galds ar aug\u0161da\u013cu, kas izgatavots no \u0161\u0137\u0113rsenisk\u0101m t\u012bkkoka riev\u0101m, Chios atp\u016btas m\u0113be\u013cu kolekcij\u0101 \u00a0ietilpst ar\u012b atbilsto\u0161s mazais divviet\u012bgais d\u012bv\u0101ns, gu\u013camkr\u0113sls un d\u012bv\u0101nu grupa taj\u0101 pa\u0161\u0101 elegantaj\u0101 t\u012bkkoka dizain\u0101. Kr\u0113sls ir ner\u016bs\u0113jo\u0161s.<\/p>","protected":false},"featured_media":4294,"template":"","meta":{"_acf_changed":false},"product_brand":[],"product_cat":[80,73,50],"product_tag":[],"class_list":{"0":"post-4293","1":"product","2":"type-product","3":"status-publish","4":"has-post-thumbnail","6":"product_cat-atputas-kresli","7":"product_cat-divani-terases","8":"product_cat-terases-mebeles","10":"first","11":"instock","12":"shipping-taxable","13":"purchasable","14":"product-type-simple"},"acf":[],"_links":{"self":[{"href":"https:\/\/lightup.lv\/ru\/wp-json\/wp\/v2\/product\/4293","targetHints":{"allow":["GET"]}}],"collection":[{"href":"https:\/\/lightup.lv\/ru\/wp-json\/wp\/v2\/product"}],"about":[{"href":"https:\/\/lightup.lv\/ru\/wp-json\/wp\/v2\/types\/product"}],"wp:featuredmedia":[{"embeddable":true,"href":"https:\/\/lightup.lv\/ru\/wp-json\/wp\/v2\/media\/4294"}],"wp:attachment":[{"href":"https:\/\/lightup.lv\/ru\/wp-json\/wp\/v2\/media?parent=4293"}],"wp:term":[{"taxonomy":"product_brand","embeddable":true,"href":"https:\/\/lightup.lv\/ru\/wp-json\/wp\/v2\/product_brand?post=4293"},{"taxonomy":"product_cat","embeddable":true,"href":"https:\/\/lightup.lv\/ru\/wp-json\/wp\/v2\/product_cat?post=4293"},{"taxonomy":"product_tag","embeddable":true,"href":"https:\/\/lightup.lv\/ru\/wp-json\/wp\/v2\/product_tag?post=4293"}],"curies":[{"name":"wp","href":"https:\/\/api.w.org\/{rel}","templated":true}]}}