{"id":4559,"date":"2020-10-19T10:56:00","date_gmt":"2020-10-19T10:56:00","guid":{"rendered":"https:\/\/lightup.lv\/product\/darbs-no-majam-darba-galds-majas-19\/"},"modified":"2024-01-15T12:35:04","modified_gmt":"2024-01-15T12:35:04","slug":"darbs-no-majam-darba-galds-majas-19","status":"publish","type":"product","link":"https:\/\/lightup.lv\/ru\/%d0%ba%d0%b0%d1%82%d0%b0%d0%bb%d0%be%d0%b3-%d0%bf%d1%80%d0%be%d0%b4%d1%83%d0%ba%d1%86%d0%b8%d0%b8\/darbs-no-majam-darba-galds-majas-19\/","title":{"rendered":"Rayburn Dressing Table in Oak"},"content":{"rendered":"<p>Rayburn ozola tualetes galds pie\u0161\u0137ir j\u016bsu m\u0101j\u0101m modernumu. Viegli no\u0146emams spogulis. Spogu\u013ca st\u0101vokli var viegli un \u0101tri main\u012bt. Atdz\u012bviniet savu vietu ar \u0161o vienk\u0101r\u0161i eleganto akcentu, ar t\u012bru oder\u0113jumu spoguli. Galda virsma ir izgatavota no ozolkoka finier\u0113tas skaidu pl\u0101tnes un met\u0101la k\u0101j\u0101m.<\/p>\n<p>Izm\u0113rs: 115x52x78cm<\/p>","protected":false},"excerpt":{"rendered":"<p>Izm\u0113rs: 115x52x78cm<\/p>","protected":false},"featured_media":4560,"template":"","meta":{"_acf_changed":false},"product_brand":[],"product_cat":[101],"product_tag":[102],"class_list":{"0":"post-4559","1":"product","2":"type-product","3":"status-publish","4":"has-post-thumbnail","6":"product_cat-biroja-mebeles","7":"product_tag-woodman","9":"first","10":"instock","11":"shipping-taxable","12":"purchasable","13":"product-type-simple"},"acf":[],"_links":{"self":[{"href":"https:\/\/lightup.lv\/ru\/wp-json\/wp\/v2\/product\/4559","targetHints":{"allow":["GET"]}}],"collection":[{"href":"https:\/\/lightup.lv\/ru\/wp-json\/wp\/v2\/product"}],"about":[{"href":"https:\/\/lightup.lv\/ru\/wp-json\/wp\/v2\/types\/product"}],"wp:featuredmedia":[{"embeddable":true,"href":"https:\/\/lightup.lv\/ru\/wp-json\/wp\/v2\/media\/4560"}],"wp:attachment":[{"href":"https:\/\/lightup.lv\/ru\/wp-json\/wp\/v2\/media?parent=4559"}],"wp:term":[{"taxonomy":"product_brand","embeddable":true,"href":"https:\/\/lightup.lv\/ru\/wp-json\/wp\/v2\/product_brand?post=4559"},{"taxonomy":"product_cat","embeddable":true,"href":"https:\/\/lightup.lv\/ru\/wp-json\/wp\/v2\/product_cat?post=4559"},{"taxonomy":"product_tag","embeddable":true,"href":"https:\/\/lightup.lv\/ru\/wp-json\/wp\/v2\/product_tag?post=4559"}],"curies":[{"name":"wp","href":"https:\/\/api.w.org\/{rel}","templated":true}]}}