{"id":4632,"date":"2021-01-20T10:35:05","date_gmt":"2021-01-20T10:35:05","guid":{"rendered":"https:\/\/lightup.lv\/product\/skagen-extending-dining-table-black\/"},"modified":"2025-05-10T13:29:12","modified_gmt":"2025-05-10T11:29:12","slug":"skagen-extending-dining-table-black","status":"publish","type":"product","link":"https:\/\/lightup.lv\/ru\/%d0%ba%d0%b0%d1%82%d0%b0%d0%bb%d0%be%d0%b3-%d0%bf%d1%80%d0%be%d0%b4%d1%83%d0%ba%d1%86%d0%b8%d0%b8\/skagen-extending-dining-table-black\/","title":{"rendered":"\u041e\u0431\u0435\u0434\u0435\u043d\u043d\u044b\u0439 \u0441\u0442\u043e\u043b Kensal \u2013 \u0440\u0430\u0437\u0434\u0432\u0438\u0436\u043d\u043e\u0439, \u0447\u0435\u0440\u043d\u044b\u0439"},"content":{"rendered":"<p><span class=\"JLqJ4b ChMk0b\" data-language-for-alternatives=\"lv\" data-language-to-translate-into=\"en\" data-phrase-index=\"0\">Melns kr\u0101sots ozolkoka finiera pagarin\u0101ms galds, mas\u012bvas ozolkoka k\u0101jas.<\/span> <span class=\"JLqJ4b ChMk0b\" data-language-for-alternatives=\"lv\" data-language-to-translate-into=\"en\" data-phrase-index=\"1\">Galds ir pagarin\u0101ms par 40cm ar met\u0101la pagarin\u0101jumu galda vid\u016b.<\/span> <span class=\"JLqJ4b ChMk0b\" data-language-for-alternatives=\"lv\" data-language-to-translate-into=\"en\" data-phrase-index=\"2\">Pagarin\u0101\u0161anas d\u0113li var uzglab\u0101t zem galda virsmas.<\/span> <span class=\"JLqJ4b ChMk0b\" data-language-for-alternatives=\"lv\" data-language-to-translate-into=\"en\" data-phrase-index=\"3\">Garums no 140 l\u012bdz 180 cm.<\/span> <span class=\"JLqJ4b ChMk0b\" data-language-for-alternatives=\"lv\" data-language-to-translate-into=\"en\" data-phrase-index=\"4\">Der 6-8 person\u0101m.<\/span> <span class=\"JLqJ4b ChMk0b\" data-language-for-alternatives=\"lv\" data-language-to-translate-into=\"en\" data-phrase-index=\"5\">Viegla mont\u0101\u017ea: vienk\u0101r\u0161i uzst\u0101diet k\u0101jas, izmantojot M6 skr\u016bves (komplekt\u0101).<\/span><\/p>\n<p><span class=\"JLqJ4b ChMk0b\" data-language-for-alternatives=\"lv\" data-language-to-translate-into=\"en\" data-phrase-index=\"5\">Izm\u0113ri: 140(180)x90x75cm<\/span><\/p>\n<p>ID 250211001484<\/p>","protected":false},"excerpt":{"rendered":"<p>Izm\u0113rs 140(180)x90x75cm<\/p>","protected":false},"featured_media":4633,"template":"","meta":{"_acf_changed":false},"product_brand":[],"product_cat":[22,23],"product_tag":[102],"class_list":{"0":"post-4632","1":"product","2":"type-product","3":"status-publish","4":"has-post-thumbnail","6":"product_cat-galdi","7":"product_cat-pusdienu-galdi","8":"product_tag-woodman","10":"first","11":"onbackorder","12":"shipping-taxable","13":"purchasable","14":"product-type-simple"},"acf":[],"_links":{"self":[{"href":"https:\/\/lightup.lv\/ru\/wp-json\/wp\/v2\/product\/4632","targetHints":{"allow":["GET"]}}],"collection":[{"href":"https:\/\/lightup.lv\/ru\/wp-json\/wp\/v2\/product"}],"about":[{"href":"https:\/\/lightup.lv\/ru\/wp-json\/wp\/v2\/types\/product"}],"wp:featuredmedia":[{"embeddable":true,"href":"https:\/\/lightup.lv\/ru\/wp-json\/wp\/v2\/media\/4633"}],"wp:attachment":[{"href":"https:\/\/lightup.lv\/ru\/wp-json\/wp\/v2\/media?parent=4632"}],"wp:term":[{"taxonomy":"product_brand","embeddable":true,"href":"https:\/\/lightup.lv\/ru\/wp-json\/wp\/v2\/product_brand?post=4632"},{"taxonomy":"product_cat","embeddable":true,"href":"https:\/\/lightup.lv\/ru\/wp-json\/wp\/v2\/product_cat?post=4632"},{"taxonomy":"product_tag","embeddable":true,"href":"https:\/\/lightup.lv\/ru\/wp-json\/wp\/v2\/product_tag?post=4632"}],"curies":[{"name":"wp","href":"https:\/\/api.w.org\/{rel}","templated":true}]}}