{"id":4654,"date":"2021-01-20T12:02:36","date_gmt":"2021-01-20T12:02:36","guid":{"rendered":"https:\/\/lightup.lv\/product\/skagen-dining-table-black\/"},"modified":"2025-05-10T13:25:30","modified_gmt":"2025-05-10T11:25:30","slug":"skagen-dining-table-black","status":"publish","type":"product","link":"https:\/\/lightup.lv\/ru\/precu-katalogs\/skagen-dining-table-black\/","title":{"rendered":"\u041e\u0431\u0435\u0434\u0435\u043d\u043d\u044b\u0439 \u0441\u0442\u043e\u043b Skagen, \u0447\u0435\u0440\u043d\u044b\u0439"},"content":{"rendered":"<p><span class=\"JLqJ4b ChMk0b\" data-language-for-alternatives=\"lv\" data-language-to-translate-into=\"en\" data-phrase-index=\"0\">\u041e\u0431\u0435\u0434\u0435\u043d\u043d\u044b\u0439 \u0441\u0442\u043e\u043b \u0438\u0437 \u0414\u0421\u041f \u0441 \u0434\u0443\u0431\u043e\u0432\u044b\u043c \u0448\u043f\u043e\u043d\u043e\u043c (PLP22).<\/span> <span class=\"JLqJ4b ChMk0b\" data-language-for-alternatives=\"lv\" data-language-to-translate-into=\"en\" data-phrase-index=\"1\">\u041e\u0441\u043d\u043e\u0432\u0430\u043d\u0438\u0435 \u0438\u0437\u0433\u043e\u0442\u043e\u0432\u043b\u0435\u043d\u043e \u0438\u0437 \u0444\u0430\u043d\u0435\u0440\u044b \u0441 \u0434\u0443\u0431\u043e\u0432\u044b\u043c \u0448\u043f\u043e\u043d\u043e\u043c.<\/span> <span class=\"JLqJ4b ChMk0b\" data-language-for-alternatives=\"lv\" data-language-to-translate-into=\"en\" data-phrase-index=\"2\">\u041d\u043e\u0436\u043a\u0438 \u0438\u0437 \u043c\u0430\u0441\u0441\u0438\u0432\u0430 \u0434\u0443\u0431\u0430.<\/span> <span class=\"JLqJ4b ChMk0b\" data-language-for-alternatives=\"lv\" data-language-to-translate-into=\"en\" data-phrase-index=\"3\">Visas deta\u013cas ir iekr\u0101sotas meln\u0101 kr\u0101s\u0101 un p\u0101rkl\u0101tas ar mat\u0113tu caursp\u012bd\u012bgu laku.<\/span> <span class=\"JLqJ4b ChMk0b\" data-language-for-alternatives=\"lv\" data-language-to-translate-into=\"en\" data-phrase-index=\"4\">\u0412\u044b\u0441\u043e\u0442\u0430 \u043e\u0442 \u043f\u043e\u043b\u0430 \u0434\u043e \u043e\u0441\u043d\u043e\u0432\u0430\u043d\u0438\u044f \u0441\u043e\u0441\u0442\u0430\u0432\u043b\u044f\u0435\u0442 65 \u0441\u043c.<\/span>\u00a0<span class=\"JLqJ4b ChMk0b\" data-language-for-alternatives=\"lv\" data-language-to-translate-into=\"en\" data-phrase-index=\"6\">Viegla mont\u0101\u017ea: vienk\u0101r\u0161i uzst\u0101diet k\u0101jas, izmantojot M6 skr\u016bves (komplekt\u0101).<\/span><\/p>\n<p>ID 250210001484<\/p>","protected":false},"excerpt":{"rendered":"<p>Izm\u0113rs 140x90x75cm<\/p>","protected":false},"featured_media":4655,"template":"","meta":{"_acf_changed":false},"product_brand":[],"product_cat":[22,23],"product_tag":[102],"class_list":{"0":"post-4654","1":"product","2":"type-product","3":"status-publish","4":"has-post-thumbnail","6":"product_cat-galdi","7":"product_cat-pusdienu-galdi","8":"product_tag-woodman","10":"first","11":"onbackorder","12":"shipping-taxable","13":"purchasable","14":"product-type-simple"},"acf":[],"_links":{"self":[{"href":"https:\/\/lightup.lv\/ru\/wp-json\/wp\/v2\/product\/4654","targetHints":{"allow":["GET"]}}],"collection":[{"href":"https:\/\/lightup.lv\/ru\/wp-json\/wp\/v2\/product"}],"about":[{"href":"https:\/\/lightup.lv\/ru\/wp-json\/wp\/v2\/types\/product"}],"wp:featuredmedia":[{"embeddable":true,"href":"https:\/\/lightup.lv\/ru\/wp-json\/wp\/v2\/media\/4655"}],"wp:attachment":[{"href":"https:\/\/lightup.lv\/ru\/wp-json\/wp\/v2\/media?parent=4654"}],"wp:term":[{"taxonomy":"product_brand","embeddable":true,"href":"https:\/\/lightup.lv\/ru\/wp-json\/wp\/v2\/product_brand?post=4654"},{"taxonomy":"product_cat","embeddable":true,"href":"https:\/\/lightup.lv\/ru\/wp-json\/wp\/v2\/product_cat?post=4654"},{"taxonomy":"product_tag","embeddable":true,"href":"https:\/\/lightup.lv\/ru\/wp-json\/wp\/v2\/product_tag?post=4654"}],"curies":[{"name":"WP","href":"https:\/\/api.w.org\/{rel}","templated":true}]}}