{"id":4742,"date":"2021-01-20T14:08:06","date_gmt":"2021-01-20T14:08:06","guid":{"rendered":"https:\/\/lightup.lv\/product\/camden-tv-unit-diamond\/"},"modified":"2024-02-09T04:42:02","modified_gmt":"2024-02-09T04:42:02","slug":"camden-tv-unit-diamond","status":"publish","type":"product","link":"https:\/\/lightup.lv\/ru\/%d0%ba%d0%b0%d1%82%d0%b0%d0%bb%d0%be%d0%b3-%d0%bf%d1%80%d0%be%d0%b4%d1%83%d0%ba%d1%86%d0%b8%d0%b8\/camden-tv-unit-diamond\/","title":{"rendered":"Camden TV Unit Diamond"},"content":{"rendered":"<p><span class=\"JLqJ4b ChMk0b\" data-language-for-alternatives=\"lv\" data-language-to-translate-into=\"en\" data-phrase-index=\"0\">Ozolkoka finier\u0113ts skapis ar melnu apdruku uz durv\u012bm, melnas kr\u0101sotas mas\u012bvkoka k\u0101jas.<\/span> <span class=\"JLqJ4b ChMk0b\" data-language-for-alternatives=\"lv\" data-language-to-translate-into=\"en\" data-phrase-index=\"1\">Dimanta dizains ar melnu tinti iespiests uz durv\u012bm, kuras atveras ar push-to-open sist\u0113mu.<\/span> <span class=\"JLqJ4b ChMk0b\" data-language-for-alternatives=\"lv\" data-language-to-translate-into=\"en\" data-phrase-index=\"2\">Aiz durv\u012bm un vid\u016b ir viens regul\u0113jams plaukts (W47 \/ D36cm.) Iek\u0161\u0113jais augstums 32cm.<\/span> <span class=\"JLqJ4b ChMk0b\" data-language-for-alternatives=\"lv\" data-language-to-translate-into=\"en\" data-phrase-index=\"3\">Vid\u0113j\u0101 atv\u0113rtaj\u0101 da\u013c\u0101 ir caurums kabe\u013ciem.<\/span> <span class=\"JLqJ4b ChMk0b\" data-language-for-alternatives=\"lv\" data-language-to-translate-into=\"en\" data-phrase-index=\"4\">K\u0101ju augstums 15cm.<\/span> <span class=\"JLqJ4b ChMk0b\" data-language-for-alternatives=\"lv\" data-language-to-translate-into=\"en\" data-phrase-index=\"5\">Produkta svara ierobe\u017eojums ir 60kg.<\/span><\/p>\n<p>ID 254223811012<\/p>","protected":false},"excerpt":{"rendered":"<p>Izm\u0113rs 150x40x50cm<\/p>","protected":false},"featured_media":4743,"template":"","meta":{"_acf_changed":false},"product_brand":[],"product_cat":[30,31],"product_tag":[102],"class_list":{"0":"post-4742","1":"product","2":"type-product","3":"status-publish","4":"has-post-thumbnail","6":"product_cat-korpusa-mebeles","7":"product_cat-tv-plaukti","8":"product_tag-woodman","10":"first","11":"onbackorder","12":"shipping-taxable","13":"purchasable","14":"product-type-simple"},"acf":[],"_links":{"self":[{"href":"https:\/\/lightup.lv\/ru\/wp-json\/wp\/v2\/product\/4742","targetHints":{"allow":["GET"]}}],"collection":[{"href":"https:\/\/lightup.lv\/ru\/wp-json\/wp\/v2\/product"}],"about":[{"href":"https:\/\/lightup.lv\/ru\/wp-json\/wp\/v2\/types\/product"}],"wp:featuredmedia":[{"embeddable":true,"href":"https:\/\/lightup.lv\/ru\/wp-json\/wp\/v2\/media\/4743"}],"wp:attachment":[{"href":"https:\/\/lightup.lv\/ru\/wp-json\/wp\/v2\/media?parent=4742"}],"wp:term":[{"taxonomy":"product_brand","embeddable":true,"href":"https:\/\/lightup.lv\/ru\/wp-json\/wp\/v2\/product_brand?post=4742"},{"taxonomy":"product_cat","embeddable":true,"href":"https:\/\/lightup.lv\/ru\/wp-json\/wp\/v2\/product_cat?post=4742"},{"taxonomy":"product_tag","embeddable":true,"href":"https:\/\/lightup.lv\/ru\/wp-json\/wp\/v2\/product_tag?post=4742"}],"curies":[{"name":"wp","href":"https:\/\/api.w.org\/{rel}","templated":true}]}}