{"id":4807,"date":"2021-01-21T08:54:49","date_gmt":"2021-01-21T08:54:49","guid":{"rendered":"https:\/\/lightup.lv\/product\/ashburn-media-2\/"},"modified":"2024-02-09T08:08:32","modified_gmt":"2024-02-09T08:08:32","slug":"ashburn-media-2","status":"publish","type":"product","link":"https:\/\/lightup.lv\/ru\/%d0%ba%d0%b0%d1%82%d0%b0%d0%bb%d0%be%d0%b3-%d0%bf%d1%80%d0%be%d0%b4%d1%83%d0%ba%d1%86%d0%b8%d0%b8\/ashburn-media-2\/","title":{"rendered":"Ashburn Media"},"content":{"rendered":"<p>Ozolkoka finier\u0113ts TV skapis ar div\u0101m b\u012bd\u0101m\u0101m durv\u012bm un (baltas) kr\u0101sotas t\u0113rauda k\u0101jas.<\/p>\n<p> ID 176224101134<\/p>","protected":false},"excerpt":{"rendered":"<p>Izm\u0113rs 145x44x53cm<\/p>\n<p>Met\u0101ls kr\u0101sots RAL 9003<\/p>","protected":false},"featured_media":4808,"template":"","meta":{"_acf_changed":false},"product_brand":[],"product_cat":[30,31],"product_tag":[102],"class_list":{"0":"post-4807","1":"product","2":"type-product","3":"status-publish","4":"has-post-thumbnail","6":"product_cat-korpusa-mebeles","7":"product_cat-tv-plaukti","8":"product_tag-woodman","10":"first","11":"onbackorder","12":"shipping-taxable","13":"purchasable","14":"product-type-simple"},"acf":[],"_links":{"self":[{"href":"https:\/\/lightup.lv\/ru\/wp-json\/wp\/v2\/product\/4807","targetHints":{"allow":["GET"]}}],"collection":[{"href":"https:\/\/lightup.lv\/ru\/wp-json\/wp\/v2\/product"}],"about":[{"href":"https:\/\/lightup.lv\/ru\/wp-json\/wp\/v2\/types\/product"}],"wp:featuredmedia":[{"embeddable":true,"href":"https:\/\/lightup.lv\/ru\/wp-json\/wp\/v2\/media\/4808"}],"wp:attachment":[{"href":"https:\/\/lightup.lv\/ru\/wp-json\/wp\/v2\/media?parent=4807"}],"wp:term":[{"taxonomy":"product_brand","embeddable":true,"href":"https:\/\/lightup.lv\/ru\/wp-json\/wp\/v2\/product_brand?post=4807"},{"taxonomy":"product_cat","embeddable":true,"href":"https:\/\/lightup.lv\/ru\/wp-json\/wp\/v2\/product_cat?post=4807"},{"taxonomy":"product_tag","embeddable":true,"href":"https:\/\/lightup.lv\/ru\/wp-json\/wp\/v2\/product_tag?post=4807"}],"curies":[{"name":"wp","href":"https:\/\/api.w.org\/{rel}","templated":true}]}}