{"id":4958,"date":"2021-01-21T12:45:27","date_gmt":"2021-01-21T12:45:27","guid":{"rendered":"https:\/\/lightup.lv\/product\/stripe-sideboard\/"},"modified":"2024-02-09T08:11:36","modified_gmt":"2024-02-09T08:11:36","slug":"stripe-sideboard","status":"publish","type":"product","link":"https:\/\/lightup.lv\/ru\/precu-katalogs\/stripe-sideboard\/","title":{"rendered":"Stripe Sideboard"},"content":{"rendered":"<p>\u0160is modern\u0101 kumode piesaista ar burv\u012bgu dizainu. \u0160aj\u0101 kumod\u0113 glab\u0101jiet nepiecie\u0161amos priek\u0161metus, kas tiek glab\u0101ti sasniedzam\u0101 viet\u0101 un nav redzami. Baltas priek\u0161\u0113j\u0101s virsmas pie\u0161\u0137ir svaigumu j\u016bsu istabai.<\/p>\n<p> ID 278115101162<\/p>","protected":false},"excerpt":{"rendered":"<p>Izm\u0113rs 161x45x70cm<\/p>","protected":false},"featured_media":4959,"template":"","meta":{"_acf_changed":false},"product_brand":[],"product_cat":[30,104],"product_tag":[102],"class_list":{"0":"post-4958","1":"product","2":"type-product","3":"status-publish","4":"has-post-thumbnail","6":"product_cat-korpusa-mebeles","7":"product_cat-kumodes","8":"product_tag-woodman","10":"first","11":"onbackorder","12":"shipping-taxable","13":"purchasable","14":"product-type-simple"},"acf":[],"_links":{"self":[{"href":"https:\/\/lightup.lv\/ru\/wp-json\/wp\/v2\/product\/4958","targetHints":{"allow":["GET"]}}],"collection":[{"href":"https:\/\/lightup.lv\/ru\/wp-json\/wp\/v2\/product"}],"about":[{"href":"https:\/\/lightup.lv\/ru\/wp-json\/wp\/v2\/types\/product"}],"wp:featuredmedia":[{"embeddable":true,"href":"https:\/\/lightup.lv\/ru\/wp-json\/wp\/v2\/media\/4959"}],"wp:attachment":[{"href":"https:\/\/lightup.lv\/ru\/wp-json\/wp\/v2\/media?parent=4958"}],"wp:term":[{"taxonomy":"product_brand","embeddable":true,"href":"https:\/\/lightup.lv\/ru\/wp-json\/wp\/v2\/product_brand?post=4958"},{"taxonomy":"product_cat","embeddable":true,"href":"https:\/\/lightup.lv\/ru\/wp-json\/wp\/v2\/product_cat?post=4958"},{"taxonomy":"product_tag","embeddable":true,"href":"https:\/\/lightup.lv\/ru\/wp-json\/wp\/v2\/product_tag?post=4958"}],"curies":[{"name":"WP","href":"https:\/\/api.w.org\/{rel}","templated":true}]}}