{"id":4978,"date":"2021-01-21T13:13:15","date_gmt":"2021-01-21T13:13:15","guid":{"rendered":"https:\/\/lightup.lv\/product\/camden-sideboard-diamond\/"},"modified":"2024-02-09T08:11:58","modified_gmt":"2024-02-09T08:11:58","slug":"camden-sideboard-diamond","status":"publish","type":"product","link":"https:\/\/lightup.lv\/ru\/precu-katalogs\/camden-sideboard-diamond\/","title":{"rendered":"Camden Sideboard Diamond"},"content":{"rendered":"<p>Ozolkoka finier\u0113ts skapis ar melnu apdruku uz durv\u012bm, melnas kr\u0101sotas mas\u012bvkoka k\u0101jas. Durvis atveras ar push-to-open sist\u0113mu. Iek\u0161pus\u0113 3 regul\u0113jami augstumi (563&#215;412 un 553x412mm). K\u0101ju augstums 25cm (34x34mm).<\/p>\n<p> ID 254215601012<\/p>","protected":false},"excerpt":{"rendered":"<p>\u0420\u0430\u0437\u043c\u0435\u0440 175\u044545\u044575 \u0441\u043c<\/p>","protected":false},"featured_media":4979,"template":"","meta":{"_acf_changed":false},"product_brand":[],"product_cat":[30,104],"product_tag":[102],"class_list":{"0":"post-4978","1":"product","2":"type-product","3":"status-publish","4":"has-post-thumbnail","6":"product_cat-korpusa-mebeles","7":"product_cat-kumodes","8":"product_tag-woodman","10":"first","11":"onbackorder","12":"shipping-taxable","13":"purchasable","14":"product-type-simple"},"acf":[],"_links":{"self":[{"href":"https:\/\/lightup.lv\/ru\/wp-json\/wp\/v2\/product\/4978","targetHints":{"allow":["GET"]}}],"collection":[{"href":"https:\/\/lightup.lv\/ru\/wp-json\/wp\/v2\/product"}],"about":[{"href":"https:\/\/lightup.lv\/ru\/wp-json\/wp\/v2\/types\/product"}],"wp:featuredmedia":[{"embeddable":true,"href":"https:\/\/lightup.lv\/ru\/wp-json\/wp\/v2\/media\/4979"}],"wp:attachment":[{"href":"https:\/\/lightup.lv\/ru\/wp-json\/wp\/v2\/media?parent=4978"}],"wp:term":[{"taxonomy":"product_brand","embeddable":true,"href":"https:\/\/lightup.lv\/ru\/wp-json\/wp\/v2\/product_brand?post=4978"},{"taxonomy":"product_cat","embeddable":true,"href":"https:\/\/lightup.lv\/ru\/wp-json\/wp\/v2\/product_cat?post=4978"},{"taxonomy":"product_tag","embeddable":true,"href":"https:\/\/lightup.lv\/ru\/wp-json\/wp\/v2\/product_tag?post=4978"}],"curies":[{"name":"WP","href":"https:\/\/api.w.org\/{rel}","templated":true}]}}