{"id":5001,"date":"2021-01-21T13:41:48","date_gmt":"2021-01-21T13:41:48","guid":{"rendered":"https:\/\/lightup.lv\/product\/jugend-highboard\/"},"modified":"2024-02-09T08:12:37","modified_gmt":"2024-02-09T08:12:37","slug":"jugend-highboard","status":"publish","type":"product","link":"https:\/\/lightup.lv\/ru\/precu-katalogs\/jugend-highboard\/","title":{"rendered":"Jugend Highboard"},"content":{"rendered":"<p>Melni kr\u0101sots ozolkoka finier\u0113ts korpuss, durvis ar caursp\u012bd\u012bgu ozolkoka apdari, met\u0101la k\u0101jas. Soft close funkcija durv\u012bm un atvilktn\u0113m.<\/p>\n<p> ID 222216201162<\/p>","protected":false},"excerpt":{"rendered":"<p>Izm\u0113rs 90x42x140cm<\/p>","protected":false},"featured_media":5002,"template":"","meta":{"_acf_changed":false},"product_brand":[],"product_cat":[30,104],"product_tag":[102],"class_list":{"0":"post-5001","1":"product","2":"type-product","3":"status-publish","4":"has-post-thumbnail","6":"product_cat-korpusa-mebeles","7":"product_cat-kumodes","8":"product_tag-woodman","10":"first","11":"onbackorder","12":"shipping-taxable","13":"purchasable","14":"product-type-simple"},"acf":[],"_links":{"self":[{"href":"https:\/\/lightup.lv\/ru\/wp-json\/wp\/v2\/product\/5001","targetHints":{"allow":["GET"]}}],"collection":[{"href":"https:\/\/lightup.lv\/ru\/wp-json\/wp\/v2\/product"}],"about":[{"href":"https:\/\/lightup.lv\/ru\/wp-json\/wp\/v2\/types\/product"}],"wp:featuredmedia":[{"embeddable":true,"href":"https:\/\/lightup.lv\/ru\/wp-json\/wp\/v2\/media\/5002"}],"wp:attachment":[{"href":"https:\/\/lightup.lv\/ru\/wp-json\/wp\/v2\/media?parent=5001"}],"wp:term":[{"taxonomy":"product_brand","embeddable":true,"href":"https:\/\/lightup.lv\/ru\/wp-json\/wp\/v2\/product_brand?post=5001"},{"taxonomy":"product_cat","embeddable":true,"href":"https:\/\/lightup.lv\/ru\/wp-json\/wp\/v2\/product_cat?post=5001"},{"taxonomy":"product_tag","embeddable":true,"href":"https:\/\/lightup.lv\/ru\/wp-json\/wp\/v2\/product_tag?post=5001"}],"curies":[{"name":"WP","href":"https:\/\/api.w.org\/{rel}","templated":true}]}}