{"id":5093,"date":"2021-01-21T14:39:23","date_gmt":"2021-01-21T14:39:23","guid":{"rendered":"https:\/\/lightup.lv\/product\/pimlico-sideboard\/"},"modified":"2024-02-09T08:13:44","modified_gmt":"2024-02-09T08:13:44","slug":"pimlico-sideboard","status":"publish","type":"product","link":"https:\/\/lightup.lv\/ru\/precu-katalogs\/pimlico-sideboard\/","title":{"rendered":"Pimlico Sideboard"},"content":{"rendered":"<p>Ozola finier\u0113ta kokogli kr\u0101sots skapis, misi\u0146a rokturi un k\u0101jas, valriekstu finier\u0113ta starpsiena un aizmugur\u0113j\u0101 siena. Viens plaukts ar regul\u0113jamu augstumu (48,7x39cm) aiz divviru durv\u012bm, divi regul\u0113jami plaukti aiz atsevi\u0161\u0137\u0101m durv\u012bm labaj\u0101 pus\u0113. Durvju e\u0146\u0123es ar soft-close funkciju. K\u0101ju r\u0101mis (150x44x15cm) ir izgatavots no metin\u0101tas met\u0101la caurules (d22mm). \u012apa\u0161as formas met\u0101la rokturi (120x40x20mm).<\/p>\n<p> ID 235215001052<\/p>","protected":false},"excerpt":{"rendered":"<p>Izm\u0113rs 150x44x75cm<\/p>","protected":false},"featured_media":5094,"template":"","meta":{"_acf_changed":false},"product_brand":[],"product_cat":[30,104],"product_tag":[102],"class_list":{"0":"post-5093","1":"product","2":"type-product","3":"status-publish","4":"has-post-thumbnail","6":"product_cat-korpusa-mebeles","7":"product_cat-kumodes","8":"product_tag-woodman","10":"first","11":"onbackorder","12":"shipping-taxable","13":"purchasable","14":"product-type-simple"},"acf":[],"_links":{"self":[{"href":"https:\/\/lightup.lv\/ru\/wp-json\/wp\/v2\/product\/5093","targetHints":{"allow":["GET"]}}],"collection":[{"href":"https:\/\/lightup.lv\/ru\/wp-json\/wp\/v2\/product"}],"about":[{"href":"https:\/\/lightup.lv\/ru\/wp-json\/wp\/v2\/types\/product"}],"wp:featuredmedia":[{"embeddable":true,"href":"https:\/\/lightup.lv\/ru\/wp-json\/wp\/v2\/media\/5094"}],"wp:attachment":[{"href":"https:\/\/lightup.lv\/ru\/wp-json\/wp\/v2\/media?parent=5093"}],"wp:term":[{"taxonomy":"product_brand","embeddable":true,"href":"https:\/\/lightup.lv\/ru\/wp-json\/wp\/v2\/product_brand?post=5093"},{"taxonomy":"product_cat","embeddable":true,"href":"https:\/\/lightup.lv\/ru\/wp-json\/wp\/v2\/product_cat?post=5093"},{"taxonomy":"product_tag","embeddable":true,"href":"https:\/\/lightup.lv\/ru\/wp-json\/wp\/v2\/product_tag?post=5093"}],"curies":[{"name":"WP","href":"https:\/\/api.w.org\/{rel}","templated":true}]}}