{"id":586,"date":"2019-08-29T12:29:12","date_gmt":"2019-08-29T12:29:12","guid":{"rendered":"https:\/\/lightup.lv\/product\/line-egde-akustiskais-sienas-panelis-skanas-izolacijas-panelis\/"},"modified":"2025-03-14T17:09:07","modified_gmt":"2025-03-14T15:09:07","slug":"line-egde-akustiskais-sienas-panelis-skanas-izolacijas-panelis","status":"publish","type":"product","link":"https:\/\/lightup.lv\/ru\/precu-katalogs\/line-egde-akustiskais-sienas-panelis-skanas-izolacijas-panelis\/","title":{"rendered":"\u0410\u043a\u0443\u0441\u0442\u0438\u0447\u0435\u0441\u043a\u0430\u044f \u0441\u0442\u0435\u043d\u043e\u0432\u0430\u044f \u043f\u0430\u043d\u0435\u043b\u044c Line Edge, \u0417\u0432\u0443\u043a\u043e\u0438\u0437\u043e\u043b\u044f\u0446\u0438\u043e\u043d\u043d\u0430\u044f \u043f\u0430\u043d\u0435\u043b\u044c"},"content":{"rendered":"<p>\u0428\u0438\u0440\u0438\u043d\u0430: 500 \u043c\u043c<br \/>\nGarums: 250 mm<\/p>\n<p>Vienk\u0101r\u0161a forma, bet \u013coti kr\u0101\u0161\u0146i dizaini. Izliekt\u0101 pane\u013ca forma veido 3D efektu. Tas ir lieliski piem\u0113rots savieno\u0161anai, kas neprasa s\u0101nu apgrie\u0161anu. M\u0113s iesak\u0101m to izmantot divkr\u0101su komplekt\u0101 ar vienu domin\u0113jo\u0161u kr\u0101su un papildus akcentus.<\/p>","protected":false},"excerpt":{"rendered":"<p>\u0426\u0435\u043d\u0430 \u0443\u043a\u0430\u0437\u0430\u043d\u0430 \u0437\u0430 \u043e\u0434\u043d\u0443 \u043f\u0430\u043d\u0435\u043b\u044c.<br \/>\n\u0422\u0440\u0435\u0431\u0443\u0435\u0442\u0441\u044f \u0434\u043e\u043f\u043e\u043b\u043d\u0438\u0442\u0435\u043b\u044c\u043d\u044b\u0439 \u043c\u043e\u043d\u0442\u0430\u0436\u043d\u044b\u0439 \u043a\u043b\u0435\u0439.<\/p>","protected":false},"featured_media":587,"template":"","meta":{"_acf_changed":false},"product_brand":[],"product_cat":[18,21],"product_tag":[20],"class_list":{"0":"post-586","1":"product","2":"type-product","3":"status-publish","4":"has-post-thumbnail","6":"product_cat-dizaina-skanas-izolacija","7":"product_cat-fluffo-soft-sienam","8":"product_tag-fluffo","10":"first","11":"instock","12":"shipping-taxable","13":"purchasable","14":"product-type-simple"},"acf":[],"_links":{"self":[{"href":"https:\/\/lightup.lv\/ru\/wp-json\/wp\/v2\/product\/586","targetHints":{"allow":["GET"]}}],"collection":[{"href":"https:\/\/lightup.lv\/ru\/wp-json\/wp\/v2\/product"}],"about":[{"href":"https:\/\/lightup.lv\/ru\/wp-json\/wp\/v2\/types\/product"}],"wp:featuredmedia":[{"embeddable":true,"href":"https:\/\/lightup.lv\/ru\/wp-json\/wp\/v2\/media\/587"}],"wp:attachment":[{"href":"https:\/\/lightup.lv\/ru\/wp-json\/wp\/v2\/media?parent=586"}],"wp:term":[{"taxonomy":"product_brand","embeddable":true,"href":"https:\/\/lightup.lv\/ru\/wp-json\/wp\/v2\/product_brand?post=586"},{"taxonomy":"product_cat","embeddable":true,"href":"https:\/\/lightup.lv\/ru\/wp-json\/wp\/v2\/product_cat?post=586"},{"taxonomy":"product_tag","embeddable":true,"href":"https:\/\/lightup.lv\/ru\/wp-json\/wp\/v2\/product_tag?post=586"}],"curies":[{"name":"WP","href":"https:\/\/api.w.org\/{rel}","templated":true}]}}