{"id":6441,"date":"2021-02-02T17:02:38","date_gmt":"2021-02-02T17:02:38","guid":{"rendered":"https:\/\/lightup.lv\/product\/kensal-nordic-sideboard-sliding-door\/"},"modified":"2024-02-09T08:15:37","modified_gmt":"2024-02-09T08:15:37","slug":"kensal-nordic-sideboard-sliding-door","status":"publish","type":"product","link":"https:\/\/lightup.lv\/ru\/precu-katalogs\/kensal-nordic-sideboard-sliding-door\/","title":{"rendered":"Kensal Nordic Sideboard &#8211; Sliding Door"},"content":{"rendered":"<p>Izm\u0113rs \t145x40x75 cm<\/p>\n<p> ID 104215108012<\/p>","protected":false},"excerpt":{"rendered":"<p>Kumode balt\u0101 kr\u0101s\u0101 ar trim atvilktn\u0113m un div\u0101m b\u012bd\u0101m\u0101m durv\u012bm. Ozolkoka k\u0101jas un rokturi.<\/p>","protected":false},"featured_media":6442,"template":"","meta":{"_acf_changed":false},"product_brand":[],"product_cat":[30,104],"product_tag":[102],"class_list":{"0":"post-6441","1":"product","2":"type-product","3":"status-publish","4":"has-post-thumbnail","6":"product_cat-korpusa-mebeles","7":"product_cat-kumodes","8":"product_tag-woodman","10":"first","11":"onbackorder","12":"shipping-taxable","13":"purchasable","14":"product-type-simple"},"acf":[],"_links":{"self":[{"href":"https:\/\/lightup.lv\/ru\/wp-json\/wp\/v2\/product\/6441","targetHints":{"allow":["GET"]}}],"collection":[{"href":"https:\/\/lightup.lv\/ru\/wp-json\/wp\/v2\/product"}],"about":[{"href":"https:\/\/lightup.lv\/ru\/wp-json\/wp\/v2\/types\/product"}],"wp:featuredmedia":[{"embeddable":true,"href":"https:\/\/lightup.lv\/ru\/wp-json\/wp\/v2\/media\/6442"}],"wp:attachment":[{"href":"https:\/\/lightup.lv\/ru\/wp-json\/wp\/v2\/media?parent=6441"}],"wp:term":[{"taxonomy":"product_brand","embeddable":true,"href":"https:\/\/lightup.lv\/ru\/wp-json\/wp\/v2\/product_brand?post=6441"},{"taxonomy":"product_cat","embeddable":true,"href":"https:\/\/lightup.lv\/ru\/wp-json\/wp\/v2\/product_cat?post=6441"},{"taxonomy":"product_tag","embeddable":true,"href":"https:\/\/lightup.lv\/ru\/wp-json\/wp\/v2\/product_tag?post=6441"}],"curies":[{"name":"WP","href":"https:\/\/api.w.org\/{rel}","templated":true}]}}