{"id":6473,"date":"2021-02-03T09:58:25","date_gmt":"2021-02-03T09:58:25","guid":{"rendered":"https:\/\/lightup.lv\/product\/chaser-sideboard-oak\/"},"modified":"2024-02-09T08:16:40","modified_gmt":"2024-02-09T08:16:40","slug":"chaser-sideboard-oak","status":"publish","type":"product","link":"https:\/\/lightup.lv\/ru\/%d0%ba%d0%b0%d1%82%d0%b0%d0%bb%d0%be%d0%b3-%d0%bf%d1%80%d0%be%d0%b4%d1%83%d0%ba%d1%86%d0%b8%d0%b8\/chaser-sideboard-oak\/","title":{"rendered":"Chaser Sideboard Oak"},"content":{"rendered":"<p>Izm\u0113rs \t135x47x71 cm<\/p>\n<p> ID 168215001092<\/p>","protected":false},"excerpt":{"rendered":"<p>Ozola finier\u0113ts skapis ar ozola mas\u012bv\u0101m k\u0101j\u0101m. Kr\u0101sotas b\u012bd\u0101m\u0101s durvis, veram\u0101s durvis un atvilkt\u0146u fas\u0101des. Augstums aiz durv\u012bm ir 46cm. Atvilktnes W50xD36xH8cm, iet ar Blum tand\u0113ma slied\u0113m.<\/p>","protected":false},"featured_media":6474,"template":"","meta":{"_acf_changed":false},"product_brand":[],"product_cat":[30,104],"product_tag":[102],"class_list":{"0":"post-6473","1":"product","2":"type-product","3":"status-publish","4":"has-post-thumbnail","6":"product_cat-korpusa-mebeles","7":"product_cat-kumodes","8":"product_tag-woodman","10":"first","11":"onbackorder","12":"shipping-taxable","13":"purchasable","14":"product-type-simple"},"acf":[],"_links":{"self":[{"href":"https:\/\/lightup.lv\/ru\/wp-json\/wp\/v2\/product\/6473","targetHints":{"allow":["GET"]}}],"collection":[{"href":"https:\/\/lightup.lv\/ru\/wp-json\/wp\/v2\/product"}],"about":[{"href":"https:\/\/lightup.lv\/ru\/wp-json\/wp\/v2\/types\/product"}],"wp:featuredmedia":[{"embeddable":true,"href":"https:\/\/lightup.lv\/ru\/wp-json\/wp\/v2\/media\/6474"}],"wp:attachment":[{"href":"https:\/\/lightup.lv\/ru\/wp-json\/wp\/v2\/media?parent=6473"}],"wp:term":[{"taxonomy":"product_brand","embeddable":true,"href":"https:\/\/lightup.lv\/ru\/wp-json\/wp\/v2\/product_brand?post=6473"},{"taxonomy":"product_cat","embeddable":true,"href":"https:\/\/lightup.lv\/ru\/wp-json\/wp\/v2\/product_cat?post=6473"},{"taxonomy":"product_tag","embeddable":true,"href":"https:\/\/lightup.lv\/ru\/wp-json\/wp\/v2\/product_tag?post=6473"}],"curies":[{"name":"wp","href":"https:\/\/api.w.org\/{rel}","templated":true}]}}