{"id":6591,"date":"2021-02-04T09:48:12","date_gmt":"2021-02-04T09:48:12","guid":{"rendered":"https:\/\/lightup.lv\/product\/bexleyheath-coffee-table\/"},"modified":"2025-05-09T15:16:09","modified_gmt":"2025-05-09T13:16:09","slug":"bexleyheath-coffee-table","status":"publish","type":"product","link":"https:\/\/lightup.lv\/ru\/precu-katalogs\/bexleyheath-coffee-table\/","title":{"rendered":"\u041a\u043e\u0444\u0435\u0439\u043d\u044b\u0439 \u0441\u0442\u043e\u043b\u0438\u043a \u0411\u0435\u043a\u0441\u043b\u0438\u0445\u0438\u0442"},"content":{"rendered":"<p>Izm\u0113rs 115x60x38 cm<\/p>\n<p>ID 108221004042<\/p>","protected":false},"excerpt":{"rendered":"<p>Ozola finier\u0113ta galda virsma un ozolkoka k\u0101ju r\u0101mis. Augstums zem galda ir 35,8cm.<\/p>","protected":false},"featured_media":6592,"template":"","meta":{"_acf_changed":false},"product_brand":[],"product_cat":[22,109],"product_tag":[102],"class_list":{"0":"post-6591","1":"product","2":"type-product","3":"status-publish","4":"has-post-thumbnail","6":"product_cat-galdi","7":"product_cat-zurnalu-galdini-galdi","8":"product_tag-woodman","10":"first","11":"onbackorder","12":"shipping-taxable","13":"purchasable","14":"product-type-simple"},"acf":[],"_links":{"self":[{"href":"https:\/\/lightup.lv\/ru\/wp-json\/wp\/v2\/product\/6591","targetHints":{"allow":["GET"]}}],"collection":[{"href":"https:\/\/lightup.lv\/ru\/wp-json\/wp\/v2\/product"}],"about":[{"href":"https:\/\/lightup.lv\/ru\/wp-json\/wp\/v2\/types\/product"}],"wp:featuredmedia":[{"embeddable":true,"href":"https:\/\/lightup.lv\/ru\/wp-json\/wp\/v2\/media\/6592"}],"wp:attachment":[{"href":"https:\/\/lightup.lv\/ru\/wp-json\/wp\/v2\/media?parent=6591"}],"wp:term":[{"taxonomy":"product_brand","embeddable":true,"href":"https:\/\/lightup.lv\/ru\/wp-json\/wp\/v2\/product_brand?post=6591"},{"taxonomy":"product_cat","embeddable":true,"href":"https:\/\/lightup.lv\/ru\/wp-json\/wp\/v2\/product_cat?post=6591"},{"taxonomy":"product_tag","embeddable":true,"href":"https:\/\/lightup.lv\/ru\/wp-json\/wp\/v2\/product_tag?post=6591"}],"curies":[{"name":"WP","href":"https:\/\/api.w.org\/{rel}","templated":true}]}}