{"id":6647,"date":"2021-02-04T11:21:24","date_gmt":"2021-02-04T11:21:24","guid":{"rendered":"https:\/\/lightup.lv\/product\/farsta-wall-mounted-side-table-2\/"},"modified":"2024-02-09T08:34:58","modified_gmt":"2024-02-09T08:34:58","slug":"farsta-wall-mounted-side-table-2","status":"publish","type":"product","link":"https:\/\/lightup.lv\/ru\/%d0%ba%d0%b0%d1%82%d0%b0%d0%bb%d0%be%d0%b3-%d0%bf%d1%80%d0%be%d0%b4%d1%83%d0%ba%d1%86%d0%b8%d0%b8\/farsta-wall-mounted-side-table-2\/","title":{"rendered":"Farsta Wall Mounted Side Table"},"content":{"rendered":"<p>Izm\u0113rs 40x30x15 cm<\/p>\n<p> ID 198404002023<\/p>","protected":false},"excerpt":{"rendered":"<p>Pie sienas stiprin\u0101ms plaukts. Viegli piestiprin\u0101ms pie sienas, komplekt\u0101 ietilpst mont\u0101\u017eas piederumi un pilnas instrukcijas. Pieejams meln\u0101 kr\u0101s\u0101<\/p>","protected":false},"featured_media":6648,"template":"","meta":{"_acf_changed":false},"product_brand":[],"product_cat":[30,110],"product_tag":[102],"class_list":{"0":"post-6647","1":"product","2":"type-product","3":"status-publish","4":"has-post-thumbnail","6":"product_cat-korpusa-mebeles","7":"product_cat-plaukti","8":"product_tag-woodman","10":"first","11":"onbackorder","12":"shipping-taxable","13":"purchasable","14":"product-type-simple"},"acf":[],"_links":{"self":[{"href":"https:\/\/lightup.lv\/ru\/wp-json\/wp\/v2\/product\/6647","targetHints":{"allow":["GET"]}}],"collection":[{"href":"https:\/\/lightup.lv\/ru\/wp-json\/wp\/v2\/product"}],"about":[{"href":"https:\/\/lightup.lv\/ru\/wp-json\/wp\/v2\/types\/product"}],"wp:featuredmedia":[{"embeddable":true,"href":"https:\/\/lightup.lv\/ru\/wp-json\/wp\/v2\/media\/6648"}],"wp:attachment":[{"href":"https:\/\/lightup.lv\/ru\/wp-json\/wp\/v2\/media?parent=6647"}],"wp:term":[{"taxonomy":"product_brand","embeddable":true,"href":"https:\/\/lightup.lv\/ru\/wp-json\/wp\/v2\/product_brand?post=6647"},{"taxonomy":"product_cat","embeddable":true,"href":"https:\/\/lightup.lv\/ru\/wp-json\/wp\/v2\/product_cat?post=6647"},{"taxonomy":"product_tag","embeddable":true,"href":"https:\/\/lightup.lv\/ru\/wp-json\/wp\/v2\/product_tag?post=6647"}],"curies":[{"name":"wp","href":"https:\/\/api.w.org\/{rel}","templated":true}]}}