{"id":6652,"date":"2021-02-04T11:29:33","date_gmt":"2021-02-04T11:29:33","guid":{"rendered":"https:\/\/lightup.lv\/product\/drum-coffee-table-black\/"},"modified":"2025-05-10T12:43:27","modified_gmt":"2025-05-10T10:43:27","slug":"drum-coffee-table-black","status":"publish","type":"product","link":"https:\/\/lightup.lv\/ru\/%d0%ba%d0%b0%d1%82%d0%b0%d0%bb%d0%be%d0%b3-%d0%bf%d1%80%d0%be%d0%b4%d1%83%d0%ba%d1%86%d0%b8%d0%b8\/drum-coffee-table-black\/","title":{"rendered":"Kafijas galds Drum, melns"},"content":{"rendered":"<p>Izm\u0113rs 83x83x42 cm<\/p>\n<p>ID 103221002023<\/p>","protected":false},"excerpt":{"rendered":"<p>Aug\u0161da\u013ca un pamatne ir izgatavota no ozolkoka finiera. Spie\u0137i (\u0161\u0137\u0113rsgriezums 16x34mm) ir izgatavoti no cieta ozola. Visas virsmas ir kr\u0101sotas meln\u0101 kr\u0101s\u0101. Produkts ir gatavs samont\u0113ts r\u016bpn\u012bc\u0101.<\/p>","protected":false},"featured_media":6653,"template":"","meta":{"_acf_changed":false},"product_brand":[],"product_cat":[22,109],"product_tag":[102],"class_list":{"0":"post-6652","1":"product","2":"type-product","3":"status-publish","4":"has-post-thumbnail","6":"product_cat-galdi","7":"product_cat-zurnalu-galdini-galdi","8":"product_tag-woodman","10":"first","11":"onbackorder","12":"shipping-taxable","13":"purchasable","14":"product-type-simple"},"acf":[],"_links":{"self":[{"href":"https:\/\/lightup.lv\/ru\/wp-json\/wp\/v2\/product\/6652","targetHints":{"allow":["GET"]}}],"collection":[{"href":"https:\/\/lightup.lv\/ru\/wp-json\/wp\/v2\/product"}],"about":[{"href":"https:\/\/lightup.lv\/ru\/wp-json\/wp\/v2\/types\/product"}],"wp:featuredmedia":[{"embeddable":true,"href":"https:\/\/lightup.lv\/ru\/wp-json\/wp\/v2\/media\/6653"}],"wp:attachment":[{"href":"https:\/\/lightup.lv\/ru\/wp-json\/wp\/v2\/media?parent=6652"}],"wp:term":[{"taxonomy":"product_brand","embeddable":true,"href":"https:\/\/lightup.lv\/ru\/wp-json\/wp\/v2\/product_brand?post=6652"},{"taxonomy":"product_cat","embeddable":true,"href":"https:\/\/lightup.lv\/ru\/wp-json\/wp\/v2\/product_cat?post=6652"},{"taxonomy":"product_tag","embeddable":true,"href":"https:\/\/lightup.lv\/ru\/wp-json\/wp\/v2\/product_tag?post=6652"}],"curies":[{"name":"wp","href":"https:\/\/api.w.org\/{rel}","templated":true}]}}