{"id":6741,"date":"2021-02-04T14:06:28","date_gmt":"2021-02-04T14:06:28","guid":{"rendered":"https:\/\/lightup.lv\/product\/newbury-bookcase\/"},"modified":"2024-02-11T05:56:52","modified_gmt":"2024-02-11T05:56:52","slug":"newbury-bookcase","status":"publish","type":"product","link":"https:\/\/lightup.lv\/ru\/%d0%ba%d0%b0%d1%82%d0%b0%d0%bb%d0%be%d0%b3-%d0%bf%d1%80%d0%be%d0%b4%d1%83%d0%ba%d1%86%d0%b8%d0%b8\/newbury-bookcase\/","title":{"rendered":"\u041a\u043d\u0438\u0436\u043d\u044b\u0439 \u0448\u043a\u0430\u0444 \u041d\u044c\u044e\u0431\u0435\u0440\u0438"},"content":{"rendered":"<p>Izm\u0113rs 90x35x210 cm<\/p>\n<p>ID 165208008012<\/p>","protected":false},"excerpt":{"rendered":"<p>Balts gr\u0101matu plaukts ar ozolkoka apmal\u0113m un vertik\u0101liem stat\u0146iem. Plaukti vid\u016b ir regul\u0113jami. Aug\u0161\u0101 un apak\u0161\u0101 plauktam ir aizmugur\u0113j\u0101 siena.<\/p>","protected":false},"featured_media":26176,"template":"","meta":{"_acf_changed":false},"product_brand":[],"product_cat":[30,110],"product_tag":[102],"class_list":{"0":"post-6741","1":"product","2":"type-product","3":"status-publish","4":"has-post-thumbnail","6":"product_cat-korpusa-mebeles","7":"product_cat-plaukti","8":"product_tag-woodman","10":"first","11":"onbackorder","12":"shipping-taxable","13":"purchasable","14":"product-type-simple"},"acf":[],"_links":{"self":[{"href":"https:\/\/lightup.lv\/ru\/wp-json\/wp\/v2\/product\/6741","targetHints":{"allow":["GET"]}}],"collection":[{"href":"https:\/\/lightup.lv\/ru\/wp-json\/wp\/v2\/product"}],"about":[{"href":"https:\/\/lightup.lv\/ru\/wp-json\/wp\/v2\/types\/product"}],"wp:featuredmedia":[{"embeddable":true,"href":"https:\/\/lightup.lv\/ru\/wp-json\/wp\/v2\/media\/26176"}],"wp:attachment":[{"href":"https:\/\/lightup.lv\/ru\/wp-json\/wp\/v2\/media?parent=6741"}],"wp:term":[{"taxonomy":"product_brand","embeddable":true,"href":"https:\/\/lightup.lv\/ru\/wp-json\/wp\/v2\/product_brand?post=6741"},{"taxonomy":"product_cat","embeddable":true,"href":"https:\/\/lightup.lv\/ru\/wp-json\/wp\/v2\/product_cat?post=6741"},{"taxonomy":"product_tag","embeddable":true,"href":"https:\/\/lightup.lv\/ru\/wp-json\/wp\/v2\/product_tag?post=6741"}],"curies":[{"name":"wp","href":"https:\/\/api.w.org\/{rel}","templated":true}]}}