{"id":6790,"date":"2021-02-06T08:33:57","date_gmt":"2021-02-06T08:33:57","guid":{"rendered":"https:\/\/lightup.lv\/product\/camden-bedside-diamond-print-oak\/"},"modified":"2024-02-09T08:39:46","modified_gmt":"2024-02-09T08:39:46","slug":"camden-bedside-diamond-print-oak","status":"publish","type":"product","link":"https:\/\/lightup.lv\/ru\/%d0%ba%d0%b0%d1%82%d0%b0%d0%bb%d0%be%d0%b3-%d0%bf%d1%80%d0%be%d0%b4%d1%83%d0%ba%d1%86%d0%b8%d0%b8\/camden-bedside-diamond-print-oak\/","title":{"rendered":"Camden Bedside Diamond Print Oak"},"content":{"rendered":"<p>Izm\u0113rs 40x40x53 cm<\/p>\n<p> ID 254472811112<\/p>","protected":false},"excerpt":{"rendered":"<p>Ide\u0101la izm\u0113ra naktsskap\u012btis ar apdruku ir \u012bstais akcents blakus j\u016bsu gultai. Apr\u012bkots ar 2 atvilktn\u0113m mazu priek\u0161metu vai jebkura veida literat\u016bras glab\u0101\u0161anai.<\/p>","protected":false},"featured_media":6791,"template":"","meta":{"_acf_changed":false},"product_brand":[],"product_cat":[26],"product_tag":[102],"class_list":{"0":"post-6790","1":"product","2":"type-product","3":"status-publish","4":"has-post-thumbnail","6":"product_cat-gultas","7":"product_tag-woodman","9":"first","10":"onbackorder","11":"shipping-taxable","12":"purchasable","13":"product-type-simple"},"acf":[],"_links":{"self":[{"href":"https:\/\/lightup.lv\/ru\/wp-json\/wp\/v2\/product\/6790","targetHints":{"allow":["GET"]}}],"collection":[{"href":"https:\/\/lightup.lv\/ru\/wp-json\/wp\/v2\/product"}],"about":[{"href":"https:\/\/lightup.lv\/ru\/wp-json\/wp\/v2\/types\/product"}],"wp:featuredmedia":[{"embeddable":true,"href":"https:\/\/lightup.lv\/ru\/wp-json\/wp\/v2\/media\/6791"}],"wp:attachment":[{"href":"https:\/\/lightup.lv\/ru\/wp-json\/wp\/v2\/media?parent=6790"}],"wp:term":[{"taxonomy":"product_brand","embeddable":true,"href":"https:\/\/lightup.lv\/ru\/wp-json\/wp\/v2\/product_brand?post=6790"},{"taxonomy":"product_cat","embeddable":true,"href":"https:\/\/lightup.lv\/ru\/wp-json\/wp\/v2\/product_cat?post=6790"},{"taxonomy":"product_tag","embeddable":true,"href":"https:\/\/lightup.lv\/ru\/wp-json\/wp\/v2\/product_tag?post=6790"}],"curies":[{"name":"wp","href":"https:\/\/api.w.org\/{rel}","templated":true}]}}