{"id":6797,"date":"2021-02-06T08:42:46","date_gmt":"2021-02-06T08:42:46","guid":{"rendered":"https:\/\/lightup.lv\/product\/wiru-sidetable-1d-oak\/"},"modified":"2024-02-09T08:39:57","modified_gmt":"2024-02-09T08:39:57","slug":"wiru-sidetable-1d-oak","status":"publish","type":"product","link":"https:\/\/lightup.lv\/ru\/precu-katalogs\/wiru-sidetable-1d-oak\/","title":{"rendered":"\u041f\u0440\u0438\u0441\u0442\u0430\u0432\u043d\u043e\u0439 \u0441\u0442\u043e\u043b\u0438\u043a Wiru 1D \u0438\u0437 \u0434\u0443\u0431\u0430"},"content":{"rendered":"<p>\u0420\u0430\u0437\u043c\u0435\u0440\u044b: 51\u044535\u044571 \u0441\u043c<\/p>\n<p> ID 267220001012<\/p>","protected":false},"excerpt":{"rendered":"<p>Ozola finier\u0113ts naktsskap\u012btis. Augstums starp gr\u012bdu un skapja pamatni ir 31,7 cm. Naktsskap\u012btim j\u0101b\u016bt piestiprin\u0101tam pie sienas.<\/p>","protected":false},"featured_media":6798,"template":"","meta":{"_acf_changed":false},"product_brand":[],"product_cat":[26],"product_tag":[102],"class_list":{"0":"post-6797","1":"product","2":"type-product","3":"status-publish","4":"has-post-thumbnail","6":"product_cat-gultas","7":"product_tag-woodman","9":"first","10":"onbackorder","11":"shipping-taxable","12":"purchasable","13":"product-type-simple"},"acf":[],"_links":{"self":[{"href":"https:\/\/lightup.lv\/ru\/wp-json\/wp\/v2\/product\/6797","targetHints":{"allow":["GET"]}}],"collection":[{"href":"https:\/\/lightup.lv\/ru\/wp-json\/wp\/v2\/product"}],"about":[{"href":"https:\/\/lightup.lv\/ru\/wp-json\/wp\/v2\/types\/product"}],"wp:featuredmedia":[{"embeddable":true,"href":"https:\/\/lightup.lv\/ru\/wp-json\/wp\/v2\/media\/6798"}],"wp:attachment":[{"href":"https:\/\/lightup.lv\/ru\/wp-json\/wp\/v2\/media?parent=6797"}],"wp:term":[{"taxonomy":"product_brand","embeddable":true,"href":"https:\/\/lightup.lv\/ru\/wp-json\/wp\/v2\/product_brand?post=6797"},{"taxonomy":"product_cat","embeddable":true,"href":"https:\/\/lightup.lv\/ru\/wp-json\/wp\/v2\/product_cat?post=6797"},{"taxonomy":"product_tag","embeddable":true,"href":"https:\/\/lightup.lv\/ru\/wp-json\/wp\/v2\/product_tag?post=6797"}],"curies":[{"name":"WP","href":"https:\/\/api.w.org\/{rel}","templated":true}]}}