{"id":6862,"date":"2021-02-06T10:05:26","date_gmt":"2021-02-06T10:05:26","guid":{"rendered":"https:\/\/lightup.lv\/product\/camden-bedroom-chest-narrow-herringbone-print-oak\/"},"modified":"2024-02-10T12:08:27","modified_gmt":"2024-02-10T12:08:27","slug":"camden-bedroom-chest-narrow-herringbone-print-oak","status":"publish","type":"product","link":"https:\/\/lightup.lv\/ru\/%d0%ba%d0%b0%d1%82%d0%b0%d0%bb%d0%be%d0%b3-%d0%bf%d1%80%d0%be%d0%b4%d1%83%d0%ba%d1%86%d0%b8%d0%b8\/camden-bedroom-chest-narrow-herringbone-print-oak\/","title":{"rendered":"\u0423\u0437\u043a\u0438\u0439 \u043a\u043e\u043c\u043e\u0434 \u0434\u043b\u044f \u0441\u043f\u0430\u043b\u044c\u043d\u0438 Camden \u0441 \u0443\u0437\u043e\u0440\u043e\u043c \u00ab\u0451\u043b\u043e\u0447\u043a\u0430\u00bb, \u0434\u0443\u0431"},"content":{"rendered":"<p>\u0420\u0430\u0437\u043c\u0435\u0440 40\u00d748\u00d7123 \u0441\u043c<\/p>\n<p>ID 254473701112<\/p>","protected":false},"excerpt":{"rendered":"<p>Dekorat\u012bv\u0101 kumode ar skuji\u0146u rakstu. Kumode pie\u0161\u0137irs telpai dizaina akcentu. Kumode ar piec\u0101m atvilktn\u0113m.<\/p>","protected":false},"featured_media":26172,"template":"","meta":{"_acf_changed":false},"product_brand":[],"product_cat":[30,104],"product_tag":[102],"class_list":{"0":"post-6862","1":"product","2":"type-product","3":"status-publish","4":"has-post-thumbnail","6":"product_cat-korpusa-mebeles","7":"product_cat-kumodes","8":"product_tag-woodman","10":"first","11":"onbackorder","12":"shipping-taxable","13":"purchasable","14":"product-type-simple"},"acf":[],"_links":{"self":[{"href":"https:\/\/lightup.lv\/ru\/wp-json\/wp\/v2\/product\/6862","targetHints":{"allow":["GET"]}}],"collection":[{"href":"https:\/\/lightup.lv\/ru\/wp-json\/wp\/v2\/product"}],"about":[{"href":"https:\/\/lightup.lv\/ru\/wp-json\/wp\/v2\/types\/product"}],"wp:featuredmedia":[{"embeddable":true,"href":"https:\/\/lightup.lv\/ru\/wp-json\/wp\/v2\/media\/26172"}],"wp:attachment":[{"href":"https:\/\/lightup.lv\/ru\/wp-json\/wp\/v2\/media?parent=6862"}],"wp:term":[{"taxonomy":"product_brand","embeddable":true,"href":"https:\/\/lightup.lv\/ru\/wp-json\/wp\/v2\/product_brand?post=6862"},{"taxonomy":"product_cat","embeddable":true,"href":"https:\/\/lightup.lv\/ru\/wp-json\/wp\/v2\/product_cat?post=6862"},{"taxonomy":"product_tag","embeddable":true,"href":"https:\/\/lightup.lv\/ru\/wp-json\/wp\/v2\/product_tag?post=6862"}],"curies":[{"name":"wp","href":"https:\/\/api.w.org\/{rel}","templated":true}]}}