{"id":6880,"date":"2021-02-06T10:17:19","date_gmt":"2021-02-06T10:17:19","guid":{"rendered":"https:\/\/lightup.lv\/product\/flora-wardrobe-2-doors-in-oak\/"},"modified":"2024-02-09T08:41:55","modified_gmt":"2024-02-09T08:41:55","slug":"flora-wardrobe-2-doors-in-oak","status":"publish","type":"product","link":"https:\/\/lightup.lv\/ru\/precu-katalogs\/flora-wardrobe-2-doors-in-oak\/","title":{"rendered":"\u0428\u043a\u0430\u0444 Flora 2 \u0434\u0432\u0435\u0440\u0438 \u0438\u0437 \u0434\u0443\u0431\u0430"},"content":{"rendered":"<p>\u0420\u0430\u0437\u043c\u0435\u0440 80x55x190 \u0441\u043c<\/p>\n<p> ID 287475101132<\/p>","protected":false},"excerpt":{"rendered":"<p>Pateicoties ozolkoka \/ baltas kr\u0101sas apdarei un klasiskajam izskatam, \u0161\u012b Doora skapja glud\u0101s l\u012bnijas lieliski iek\u013caujas m\u016bsdienu modern\u0101kajos dekoros. Taj\u0101 ir divas durvis un viena apak\u0161\u0113j\u0101 atvilktne papildu glab\u0101\u0161anai &#8211; prieks, ko j\u016bs izj\u016btat, atkl\u0101jot, cik liela ir j\u016bsu kr\u0101tuves ietilp\u012bba .<\/p>","protected":false},"featured_media":6881,"template":"","meta":{"_acf_changed":false},"product_brand":[],"product_cat":[30,108],"product_tag":[102],"class_list":{"0":"post-6880","1":"product","2":"type-product","3":"status-publish","4":"has-post-thumbnail","6":"product_cat-korpusa-mebeles","7":"product_cat-skapis","8":"product_tag-woodman","10":"first","11":"onbackorder","12":"shipping-taxable","13":"purchasable","14":"product-type-simple"},"acf":[],"_links":{"self":[{"href":"https:\/\/lightup.lv\/ru\/wp-json\/wp\/v2\/product\/6880","targetHints":{"allow":["GET"]}}],"collection":[{"href":"https:\/\/lightup.lv\/ru\/wp-json\/wp\/v2\/product"}],"about":[{"href":"https:\/\/lightup.lv\/ru\/wp-json\/wp\/v2\/types\/product"}],"wp:featuredmedia":[{"embeddable":true,"href":"https:\/\/lightup.lv\/ru\/wp-json\/wp\/v2\/media\/6881"}],"wp:attachment":[{"href":"https:\/\/lightup.lv\/ru\/wp-json\/wp\/v2\/media?parent=6880"}],"wp:term":[{"taxonomy":"product_brand","embeddable":true,"href":"https:\/\/lightup.lv\/ru\/wp-json\/wp\/v2\/product_brand?post=6880"},{"taxonomy":"product_cat","embeddable":true,"href":"https:\/\/lightup.lv\/ru\/wp-json\/wp\/v2\/product_cat?post=6880"},{"taxonomy":"product_tag","embeddable":true,"href":"https:\/\/lightup.lv\/ru\/wp-json\/wp\/v2\/product_tag?post=6880"}],"curies":[{"name":"WP","href":"https:\/\/api.w.org\/{rel}","templated":true}]}}