{"id":6887,"date":"2021-02-06T10:32:06","date_gmt":"2021-02-06T10:32:06","guid":{"rendered":"https:\/\/lightup.lv\/product\/flora-wardrobe-2-doors-in-walnut\/"},"modified":"2024-02-09T08:42:09","modified_gmt":"2024-02-09T08:42:09","slug":"flora-wardrobe-2-doors-in-walnut","status":"publish","type":"product","link":"https:\/\/lightup.lv\/ru\/precu-katalogs\/flora-wardrobe-2-doors-in-walnut\/","title":{"rendered":"\u0428\u043a\u0430\u0444 Flora 2-\u0434\u0432\u0435\u0440\u043d\u044b\u0439 \u0438\u0437 \u043e\u0440\u0435\u0445\u0430"},"content":{"rendered":"<p>\u0420\u0430\u0437\u043c\u0435\u0440 80x55x190 \u0441\u043c<\/p>\n<p> ID 287475105132<\/p>","protected":false},"excerpt":{"rendered":"<p>Pateicoties riekstkoka \/ baltas kr\u0101sas apdarei un klasiskajam izskatam, \u0161\u012b Doora skapis lieliski iek\u013caujas m\u016bsdienu modern\u0101kajos interjeros. Taj\u0101 ir divas durvis un viena apak\u0161\u0113j\u0101 atvilktne papildu glab\u0101\u0161anai &#8211; prieks, ko j\u016btat, kad atkl\u0101jat, cik liela ir j\u016bsu kr\u0101tuves ietilp\u012bba .<\/p>","protected":false},"featured_media":6888,"template":"","meta":{"_acf_changed":false},"product_brand":[],"product_cat":[30,108],"product_tag":[102],"class_list":{"0":"post-6887","1":"product","2":"type-product","3":"status-publish","4":"has-post-thumbnail","6":"product_cat-korpusa-mebeles","7":"product_cat-skapis","8":"product_tag-woodman","10":"first","11":"onbackorder","12":"shipping-taxable","13":"purchasable","14":"product-type-simple"},"acf":[],"_links":{"self":[{"href":"https:\/\/lightup.lv\/ru\/wp-json\/wp\/v2\/product\/6887","targetHints":{"allow":["GET"]}}],"collection":[{"href":"https:\/\/lightup.lv\/ru\/wp-json\/wp\/v2\/product"}],"about":[{"href":"https:\/\/lightup.lv\/ru\/wp-json\/wp\/v2\/types\/product"}],"wp:featuredmedia":[{"embeddable":true,"href":"https:\/\/lightup.lv\/ru\/wp-json\/wp\/v2\/media\/6888"}],"wp:attachment":[{"href":"https:\/\/lightup.lv\/ru\/wp-json\/wp\/v2\/media?parent=6887"}],"wp:term":[{"taxonomy":"product_brand","embeddable":true,"href":"https:\/\/lightup.lv\/ru\/wp-json\/wp\/v2\/product_brand?post=6887"},{"taxonomy":"product_cat","embeddable":true,"href":"https:\/\/lightup.lv\/ru\/wp-json\/wp\/v2\/product_cat?post=6887"},{"taxonomy":"product_tag","embeddable":true,"href":"https:\/\/lightup.lv\/ru\/wp-json\/wp\/v2\/product_tag?post=6887"}],"curies":[{"name":"WP","href":"https:\/\/api.w.org\/{rel}","templated":true}]}}