{"id":6912,"date":"2021-02-06T10:54:03","date_gmt":"2021-02-06T10:54:03","guid":{"rendered":"https:\/\/lightup.lv\/product\/kobe-wardrobe-2-doors-in-grey\/"},"modified":"2024-02-10T12:10:35","modified_gmt":"2024-02-10T12:10:35","slug":"kobe-wardrobe-2-doors-in-grey","status":"publish","type":"product","link":"https:\/\/lightup.lv\/ru\/%d0%ba%d0%b0%d1%82%d0%b0%d0%bb%d0%be%d0%b3-%d0%bf%d1%80%d0%be%d0%b4%d1%83%d0%ba%d1%86%d0%b8%d0%b8\/kobe-wardrobe-2-doors-in-grey\/","title":{"rendered":"\u0428\u043a\u0430\u0444 Kobe 2-\u0434\u0432\u0435\u0440\u043d\u044b\u0439, \u0441\u0435\u0440\u044b\u0439"},"content":{"rendered":"<p>\u0420\u0430\u0437\u043c\u0435\u0440 80x55x190 \u0441\u043c<\/p>\n<p>ID 288475141132<\/p>","protected":false},"excerpt":{"rendered":"<p>\u0160is skapis var apmierin\u0101t visas j\u016bsu uzglab\u0101\u0161anas vajadz\u012bbas. Gan praktisks, gan pievilc\u012bgs ar savu stilu, un tas noteikti uzlabos jebkuras telpas vai biroja izskatu.<\/p>","protected":false},"featured_media":26173,"template":"","meta":{"_acf_changed":false},"product_brand":[],"product_cat":[30,108],"product_tag":[102],"class_list":{"0":"post-6912","1":"product","2":"type-product","3":"status-publish","4":"has-post-thumbnail","6":"product_cat-korpusa-mebeles","7":"product_cat-skapis","8":"product_tag-woodman","10":"first","11":"onbackorder","12":"shipping-taxable","13":"purchasable","14":"product-type-simple"},"acf":[],"_links":{"self":[{"href":"https:\/\/lightup.lv\/ru\/wp-json\/wp\/v2\/product\/6912","targetHints":{"allow":["GET"]}}],"collection":[{"href":"https:\/\/lightup.lv\/ru\/wp-json\/wp\/v2\/product"}],"about":[{"href":"https:\/\/lightup.lv\/ru\/wp-json\/wp\/v2\/types\/product"}],"wp:featuredmedia":[{"embeddable":true,"href":"https:\/\/lightup.lv\/ru\/wp-json\/wp\/v2\/media\/26173"}],"wp:attachment":[{"href":"https:\/\/lightup.lv\/ru\/wp-json\/wp\/v2\/media?parent=6912"}],"wp:term":[{"taxonomy":"product_brand","embeddable":true,"href":"https:\/\/lightup.lv\/ru\/wp-json\/wp\/v2\/product_brand?post=6912"},{"taxonomy":"product_cat","embeddable":true,"href":"https:\/\/lightup.lv\/ru\/wp-json\/wp\/v2\/product_cat?post=6912"},{"taxonomy":"product_tag","embeddable":true,"href":"https:\/\/lightup.lv\/ru\/wp-json\/wp\/v2\/product_tag?post=6912"}],"curies":[{"name":"wp","href":"https:\/\/api.w.org\/{rel}","templated":true}]}}