{"id":6995,"date":"2021-02-09T08:15:05","date_gmt":"2021-02-09T08:15:05","guid":{"rendered":"https:\/\/lightup.lv\/product\/northagte-flip-bench\/"},"modified":"2024-02-09T08:44:34","modified_gmt":"2024-02-09T08:44:34","slug":"northagte-flip-bench","status":"publish","type":"product","link":"https:\/\/lightup.lv\/ru\/%d0%ba%d0%b0%d1%82%d0%b0%d0%bb%d0%be%d0%b3-%d0%bf%d1%80%d0%be%d0%b4%d1%83%d0%ba%d1%86%d0%b8%d0%b8\/northagte-flip-bench\/","title":{"rendered":"Northagte Flip Bench"},"content":{"rendered":"<p>Izm\u0113rs 120x35x48 cm<\/p>\n<p> ID 139310208012<\/p>","protected":false},"excerpt":{"rendered":"<p>Ozolkoka k\u0101jas, balts glab\u0101\u0161anas nodal\u012bjums ar atveram\u0101m uz aug\u0161u durv\u012bm. Vieta zem atloka ir: W109xD30xH20cm. Zem korpusa ir plaukts (113x34cm).<\/p>","protected":false},"featured_media":6996,"template":"","meta":{"_acf_changed":false},"product_brand":[],"product_cat":[30,112],"product_tag":[102],"class_list":{"0":"post-6995","1":"product","2":"type-product","3":"status-publish","4":"has-post-thumbnail","6":"product_cat-korpusa-mebeles","7":"product_cat-prieksnama-mebeles","8":"product_tag-woodman","10":"first","11":"onbackorder","12":"shipping-taxable","13":"purchasable","14":"product-type-simple"},"acf":[],"_links":{"self":[{"href":"https:\/\/lightup.lv\/ru\/wp-json\/wp\/v2\/product\/6995","targetHints":{"allow":["GET"]}}],"collection":[{"href":"https:\/\/lightup.lv\/ru\/wp-json\/wp\/v2\/product"}],"about":[{"href":"https:\/\/lightup.lv\/ru\/wp-json\/wp\/v2\/types\/product"}],"wp:featuredmedia":[{"embeddable":true,"href":"https:\/\/lightup.lv\/ru\/wp-json\/wp\/v2\/media\/6996"}],"wp:attachment":[{"href":"https:\/\/lightup.lv\/ru\/wp-json\/wp\/v2\/media?parent=6995"}],"wp:term":[{"taxonomy":"product_brand","embeddable":true,"href":"https:\/\/lightup.lv\/ru\/wp-json\/wp\/v2\/product_brand?post=6995"},{"taxonomy":"product_cat","embeddable":true,"href":"https:\/\/lightup.lv\/ru\/wp-json\/wp\/v2\/product_cat?post=6995"},{"taxonomy":"product_tag","embeddable":true,"href":"https:\/\/lightup.lv\/ru\/wp-json\/wp\/v2\/product_tag?post=6995"}],"curies":[{"name":"wp","href":"https:\/\/api.w.org\/{rel}","templated":true}]}}