{"id":7010,"date":"2021-02-09T08:36:09","date_gmt":"2021-02-09T08:36:09","guid":{"rendered":"https:\/\/lightup.lv\/product\/northgate-shoe-cabinet-3-door\/"},"modified":"2026-05-08T13:53:59","modified_gmt":"2026-05-08T11:53:59","slug":"northgate-shoe-cabinet-3-door","status":"publish","type":"product","link":"https:\/\/lightup.lv\/ru\/precu-katalogs\/northgate-shoe-cabinet-3-door\/","title":{"rendered":"\u041e\u0431\u0443\u0432\u043d\u043e\u0439 \u0448\u043a\u0430\u0444 Northgate, 3 \u0434\u0432\u0435\u0440\u0438"},"content":{"rendered":"<p>Izm\u0113rs 65x27x139 cm<\/p>\n<p>ID 139357008012<\/p>","protected":false},"excerpt":{"rendered":"<p>Ozolkoka k\u0101jas un rokturi, balts apavu skapis ar trim durv\u012bm. Apavu skap\u012b\u0161u sist\u0113ma no baltas plastmasas. Vieta ir paredz\u0113ta aptuveni 16 apavu p\u0101riem.<\/p>","protected":false},"featured_media":7011,"template":"","meta":{"_acf_changed":false},"product_brand":[],"product_cat":[30,112],"product_tag":[102],"class_list":{"0":"post-7010","1":"product","2":"type-product","3":"status-publish","4":"has-post-thumbnail","6":"product_cat-korpusa-mebeles","7":"product_cat-prieksnama-mebeles","8":"product_tag-woodman","10":"first","11":"onbackorder","12":"shipping-taxable","13":"purchasable","14":"product-type-simple"},"acf":[],"_links":{"self":[{"href":"https:\/\/lightup.lv\/ru\/wp-json\/wp\/v2\/product\/7010","targetHints":{"allow":["GET"]}}],"collection":[{"href":"https:\/\/lightup.lv\/ru\/wp-json\/wp\/v2\/product"}],"about":[{"href":"https:\/\/lightup.lv\/ru\/wp-json\/wp\/v2\/types\/product"}],"wp:featuredmedia":[{"embeddable":true,"href":"https:\/\/lightup.lv\/ru\/wp-json\/wp\/v2\/media\/7011"}],"wp:attachment":[{"href":"https:\/\/lightup.lv\/ru\/wp-json\/wp\/v2\/media?parent=7010"}],"wp:term":[{"taxonomy":"product_brand","embeddable":true,"href":"https:\/\/lightup.lv\/ru\/wp-json\/wp\/v2\/product_brand?post=7010"},{"taxonomy":"product_cat","embeddable":true,"href":"https:\/\/lightup.lv\/ru\/wp-json\/wp\/v2\/product_cat?post=7010"},{"taxonomy":"product_tag","embeddable":true,"href":"https:\/\/lightup.lv\/ru\/wp-json\/wp\/v2\/product_tag?post=7010"}],"curies":[{"name":"WP","href":"https:\/\/api.w.org\/{rel}","templated":true}]}}