{"id":7060,"date":"2021-02-09T09:33:45","date_gmt":"2021-02-09T09:33:45","guid":{"rendered":"https:\/\/lightup.lv\/product\/juniper-coat-hook\/"},"modified":"2024-02-09T08:46:15","modified_gmt":"2024-02-09T08:46:15","slug":"juniper-coat-hook","status":"publish","type":"product","link":"https:\/\/lightup.lv\/ru\/precu-katalogs\/juniper-coat-hook\/","title":{"rendered":"\u041a\u0440\u044e\u0447\u043e\u043a \u0434\u043b\u044f \u043e\u0434\u0435\u0436\u0434\u044b \u0438\u0437 \u043c\u043e\u0436\u0436\u0435\u0432\u0435\u043b\u044c\u043d\u0438\u043a\u0430"},"content":{"rendered":"<p>Izm\u0113rs \t45&#215;5,5&#215;12 cm<\/p>\n<p> ID 101367011103<\/p>","protected":false},"excerpt":{"rendered":"<p>Mas\u012bv\u0101s kadi\u0137a koka da\u013cas b\u0113rza r\u0101mja iek\u0161pus\u0113. Kniedes no ner\u016bs\u0113jo\u0161\u0101 t\u0113rauda.<\/p>","protected":false},"featured_media":7061,"template":"","meta":{"_acf_changed":false},"product_brand":[],"product_cat":[30,112],"product_tag":[102],"class_list":{"0":"post-7060","1":"product","2":"type-product","3":"status-publish","4":"has-post-thumbnail","6":"product_cat-korpusa-mebeles","7":"product_cat-prieksnama-mebeles","8":"product_tag-woodman","10":"first","11":"onbackorder","12":"shipping-taxable","13":"purchasable","14":"product-type-simple"},"acf":[],"_links":{"self":[{"href":"https:\/\/lightup.lv\/ru\/wp-json\/wp\/v2\/product\/7060","targetHints":{"allow":["GET"]}}],"collection":[{"href":"https:\/\/lightup.lv\/ru\/wp-json\/wp\/v2\/product"}],"about":[{"href":"https:\/\/lightup.lv\/ru\/wp-json\/wp\/v2\/types\/product"}],"wp:featuredmedia":[{"embeddable":true,"href":"https:\/\/lightup.lv\/ru\/wp-json\/wp\/v2\/media\/7061"}],"wp:attachment":[{"href":"https:\/\/lightup.lv\/ru\/wp-json\/wp\/v2\/media?parent=7060"}],"wp:term":[{"taxonomy":"product_brand","embeddable":true,"href":"https:\/\/lightup.lv\/ru\/wp-json\/wp\/v2\/product_brand?post=7060"},{"taxonomy":"product_cat","embeddable":true,"href":"https:\/\/lightup.lv\/ru\/wp-json\/wp\/v2\/product_cat?post=7060"},{"taxonomy":"product_tag","embeddable":true,"href":"https:\/\/lightup.lv\/ru\/wp-json\/wp\/v2\/product_tag?post=7060"}],"curies":[{"name":"WP","href":"https:\/\/api.w.org\/{rel}","templated":true}]}}