{"id":7083,"date":"2021-02-09T09:53:56","date_gmt":"2021-02-09T09:53:56","guid":{"rendered":"https:\/\/lightup.lv\/product\/slussen-hallway-coat-rack\/"},"modified":"2026-05-08T14:16:34","modified_gmt":"2026-05-08T12:16:34","slug":"slussen-hallway-coat-rack","status":"publish","type":"product","link":"https:\/\/lightup.lv\/ru\/precu-katalogs\/slussen-hallway-coat-rack\/","title":{"rendered":"\u0412\u0435\u0448\u0430\u043b\u043a\u0430 \u0434\u043b\u044f \u043e\u0434\u0435\u0436\u0434\u044b Slussen \u0432 \u043f\u0440\u0438\u0445\u043e\u0436\u0435\u0439"},"content":{"rendered":"<p>Izm\u0113rs 100x38x30 cm<\/p>\n<p>ID 134366001133<\/p>","protected":false},"excerpt":{"rendered":"<p>Ozolkoka r\u0101mis. Melna t\u0113rauda caurule, tapas ir izgatavotas no ozolkoka, kr\u0101sotas meln\u0101 kr\u0101s\u0101. Produktam j\u0101b\u016bt piestiprin\u0101tam pie sienas, bet tam nav \u012bpa\u0161u piestiprin\u0101\u0161anas skr\u016bvju vai tapu sienas stiprin\u0101\u0161anai. Pieg\u0101d\u0101ts gatavs, samont\u0113ts.<\/p>","protected":false},"featured_media":7084,"template":"","meta":{"_acf_changed":false},"product_brand":[],"product_cat":[30,112],"product_tag":[102],"class_list":{"0":"post-7083","1":"product","2":"type-product","3":"status-publish","4":"has-post-thumbnail","6":"product_cat-korpusa-mebeles","7":"product_cat-prieksnama-mebeles","8":"product_tag-woodman","10":"first","11":"onbackorder","12":"shipping-taxable","13":"purchasable","14":"product-type-simple"},"acf":[],"_links":{"self":[{"href":"https:\/\/lightup.lv\/ru\/wp-json\/wp\/v2\/product\/7083","targetHints":{"allow":["GET"]}}],"collection":[{"href":"https:\/\/lightup.lv\/ru\/wp-json\/wp\/v2\/product"}],"about":[{"href":"https:\/\/lightup.lv\/ru\/wp-json\/wp\/v2\/types\/product"}],"wp:featuredmedia":[{"embeddable":true,"href":"https:\/\/lightup.lv\/ru\/wp-json\/wp\/v2\/media\/7084"}],"wp:attachment":[{"href":"https:\/\/lightup.lv\/ru\/wp-json\/wp\/v2\/media?parent=7083"}],"wp:term":[{"taxonomy":"product_brand","embeddable":true,"href":"https:\/\/lightup.lv\/ru\/wp-json\/wp\/v2\/product_brand?post=7083"},{"taxonomy":"product_cat","embeddable":true,"href":"https:\/\/lightup.lv\/ru\/wp-json\/wp\/v2\/product_cat?post=7083"},{"taxonomy":"product_tag","embeddable":true,"href":"https:\/\/lightup.lv\/ru\/wp-json\/wp\/v2\/product_tag?post=7083"}],"curies":[{"name":"WP","href":"https:\/\/api.w.org\/{rel}","templated":true}]}}