{"id":7284,"date":"2021-02-11T08:46:33","date_gmt":"2021-02-11T08:46:33","guid":{"rendered":"https:\/\/lightup.lv\/product\/lilja\/"},"modified":"2024-02-13T11:22:18","modified_gmt":"2024-02-13T11:22:18","slug":"lilja","status":"publish","type":"product","link":"https:\/\/lightup.lv\/ru\/precu-katalogs\/lilja\/","title":{"rendered":"\u041b\u0438\u043b\u0438"},"content":{"rendered":"<p>\u0420\u0430\u0437\u043c\u0435\u0440\u044b:<br \/>\nPlatuma opcija: 70 cm, 140 cm, 210 cm<br \/>\nDzi\u013cums: 80 cm<br \/>\nAugstums: 70 cm<br \/>\n\u0413\u0430\u0440\u0430\u043d\u0442\u0438\u044f 5 \u043b\u0435\u0442.<\/p>\n<p>Cena s\u0101kot NO: 963,16 eiro<br \/>\n\u0426\u0435\u043d\u0430 \u0437\u0430\u0432\u0438\u0441\u0438\u0442 \u043e\u0442 \u043a\u043e\u043c\u043f\u043b\u0435\u043a\u0442\u0430\u0446\u0438\u0438 \u0438 \u0432\u044b\u0431\u0440\u0430\u043d\u043d\u043e\u0433\u043e \u043e\u0442\u0442\u0435\u043d\u043a\u0430 \u0442\u043a\u0430\u043d\u0438.<\/p>\n<p>\u2013 \u0414\u043e\u0441\u0442\u0443\u043f\u043d\u044b \u0440\u0430\u0437\u043b\u0438\u0447\u043d\u044b\u0435 \u0440\u0430\u0437\u043c\u0435\u0440\u044b<br \/>\n\u2013 \u0414\u043e\u0441\u0442\u0443\u043f\u043d\u044b \u0440\u0430\u0437\u043b\u0438\u0447\u043d\u044b\u0435 \u0442\u043a\u0430\u043d\u0438 \u0438 \u043e\u0442\u0442\u0435\u043d\u043a\u0438<br \/>\n\u2013 \u0414\u043e\u0441\u0442\u0443\u043f\u043d\u044b \u0438\u043d\u0434\u0438\u0432\u0438\u0434\u0443\u0430\u043b\u044c\u043d\u044b\u0435 \u0440\u0435\u0448\u0435\u043d\u0438\u044f<br \/>\n\u2013 \u0414\u043e\u0441\u0442\u0443\u043f\u043d\u044b 3D-\u043c\u043e\u0434\u0435\u043b\u0438<br \/>\n\u0421\u0432\u044f\u0436\u0438\u0442\u0435\u0441\u044c \u0441 \u043d\u0430\u043c\u0438, \u0438 \u043c\u044b \u0440\u0430\u0441\u0441\u043a\u0430\u0436\u0435\u043c \u0432\u0430\u043c \u0432\u0441\u0435 \u043f\u043e\u0434\u0440\u043e\u0431\u043d\u043e.<\/p>\n<p>ID Lilja<\/p>","protected":false},"excerpt":{"rendered":"<p>Lilja tika izstr\u0101d\u0101ta sadarb\u012bb\u0101 ar somu dizaineri Samuli Naamanku. T\u0101 harmonija un m\u016b\u017e\u012bba padara to par \u012bstu p\u0113rli publiskaj\u0101 telp\u0101. Silts un draudz\u012bgs mas\u012bvkoks un elegantas l\u012bnijas veido pat\u012bkamu m\u0113beli, kas atspogu\u013co zieme\u013cnieku attieksmi pret stilu un kvalit\u0101ti.<br \/>\nViena no vissvar\u012bg\u0101kaj\u0101m Lilja \u012bpa\u0161\u012bb\u0101m ir t\u0101, ka t\u0101 ir modul\u0101ra. J\u016bs varat sp\u0113l\u0113ties un izveidot daudzveid\u012bgas kombin\u0101cijas telp\u0101m ar da\u017e\u0101d\u0101m funkcij\u0101m, k\u0101 ar\u012b padar\u012bt d\u012bv\u0101nu v\u0113l personisk\u0101ku, izv\u0113loties sev v\u0113lam\u0101s kr\u0101sas un roku balstus. \u0160\u012b d\u012bv\u0101na siltums un ergonomiskais dizains aicina j\u016bs ie\u0146emt vietu. Tas ir patiesi \u0113rts.<\/p>","protected":false},"featured_media":7285,"template":"","meta":{"_acf_changed":false},"product_brand":[],"product_cat":[101,113],"product_tag":[114],"class_list":{"0":"post-7284","1":"product","2":"type-product","3":"status-publish","4":"has-post-thumbnail","6":"product_cat-biroja-mebeles","7":"product_cat-uzgaidamie-divani","8":"product_tag-intuit","10":"first","11":"instock","12":"shipping-taxable","13":"purchasable","14":"product-type-simple"},"acf":[],"_links":{"self":[{"href":"https:\/\/lightup.lv\/ru\/wp-json\/wp\/v2\/product\/7284","targetHints":{"allow":["GET"]}}],"collection":[{"href":"https:\/\/lightup.lv\/ru\/wp-json\/wp\/v2\/product"}],"about":[{"href":"https:\/\/lightup.lv\/ru\/wp-json\/wp\/v2\/types\/product"}],"wp:featuredmedia":[{"embeddable":true,"href":"https:\/\/lightup.lv\/ru\/wp-json\/wp\/v2\/media\/7285"}],"wp:attachment":[{"href":"https:\/\/lightup.lv\/ru\/wp-json\/wp\/v2\/media?parent=7284"}],"wp:term":[{"taxonomy":"product_brand","embeddable":true,"href":"https:\/\/lightup.lv\/ru\/wp-json\/wp\/v2\/product_brand?post=7284"},{"taxonomy":"product_cat","embeddable":true,"href":"https:\/\/lightup.lv\/ru\/wp-json\/wp\/v2\/product_cat?post=7284"},{"taxonomy":"product_tag","embeddable":true,"href":"https:\/\/lightup.lv\/ru\/wp-json\/wp\/v2\/product_tag?post=7284"}],"curies":[{"name":"WP","href":"https:\/\/api.w.org\/{rel}","templated":true}]}}