{"id":7295,"date":"2021-02-11T09:03:03","date_gmt":"2021-02-11T09:03:03","guid":{"rendered":"https:\/\/lightup.lv\/product\/sans-2-seater-with-table-t5\/"},"modified":"2024-02-13T11:19:53","modified_gmt":"2024-02-13T11:19:53","slug":"sans-2-seater-with-table-t5","status":"publish","type":"product","link":"https:\/\/lightup.lv\/ru\/%d0%ba%d0%b0%d1%82%d0%b0%d0%bb%d0%be%d0%b3-%d0%bf%d1%80%d0%be%d0%b4%d1%83%d0%ba%d1%86%d0%b8%d0%b8\/sans-2-seater-with-table-t5\/","title":{"rendered":"SANS 2-\u043c\u0435\u0441\u0442\u043d\u044b\u0439 \u0441\u043e \u0441\u0442\u043e\u043b\u043e\u043c T5"},"content":{"rendered":"<p>Daudz da\u017e\u0101du izm\u0113ru.<br \/>\n\u0413\u0430\u0440\u0430\u043d\u0442\u0438\u044f 5 \u043b\u0435\u0442.<\/p>\n<p>Cena s\u0101kot NO: 2810,83 eiro<br \/>\n\u0426\u0435\u043d\u0430 \u0437\u0430\u0432\u0438\u0441\u0438\u0442 \u043e\u0442 \u043a\u043e\u043c\u043f\u043b\u0435\u043a\u0442\u0430\u0446\u0438\u0438 \u0438 \u0432\u044b\u0431\u0440\u0430\u043d\u043d\u043e\u0433\u043e \u043e\u0442\u0442\u0435\u043d\u043a\u0430 \u0442\u043a\u0430\u043d\u0438.<\/p>\n<p>\u2013 \u0414\u043e\u0441\u0442\u0443\u043f\u043d\u044b \u0440\u0430\u0437\u043b\u0438\u0447\u043d\u044b\u0435 \u0440\u0430\u0437\u043c\u0435\u0440\u044b<br \/>\n\u2013 \u0414\u043e\u0441\u0442\u0443\u043f\u043d\u044b \u0440\u0430\u0437\u043b\u0438\u0447\u043d\u044b\u0435 \u0442\u043a\u0430\u043d\u0438 \u0438 \u043e\u0442\u0442\u0435\u043d\u043a\u0438<br \/>\n\u2013 \u0414\u043e\u0441\u0442\u0443\u043f\u043d\u044b \u0438\u043d\u0434\u0438\u0432\u0438\u0434\u0443\u0430\u043b\u044c\u043d\u044b\u0435 \u0440\u0435\u0448\u0435\u043d\u0438\u044f<br \/>\n\u2013 \u0414\u043e\u0441\u0442\u0443\u043f\u043d\u044b 3D-\u043c\u043e\u0434\u0435\u043b\u0438<br \/>\n\u0421\u0432\u044f\u0436\u0438\u0442\u0435\u0441\u044c \u0441 \u043d\u0430\u043c\u0438, \u0438 \u043c\u044b \u0440\u0430\u0441\u0441\u043a\u0430\u0436\u0435\u043c \u0432\u0430\u043c \u0432\u0441\u0435 \u043f\u043e\u0434\u0440\u043e\u0431\u043d\u043e.<\/p>\n<p>ID SANS 2-seater with table T5<\/p>","protected":false},"excerpt":{"rendered":"<p>D\u012bv\u0101ns lieto\u0161anai sabiedriskaj\u0101s telp\u0101s, Sans ir ne tikai \u0113rts &#8211; tas ir tik m\u0101j\u012bgs, ka j\u016bs, iesp\u0113jams, nekad vairs nev\u0113laties doties prom!<br \/>\nM\u012bksto polster\u0113jumu atsver slaid\u0101 met\u0101la pamatne. T\u0101 ir lieliska vieta, kur paveikt k\u0101du darbu vai nep\u0101rtraukti apkopot domas, savuk\u0101rt str\u0101vas kontaktligzdas un USB ports nodro\u0161ina savienojumu ar p\u0101r\u0113jo pasauli.<br \/>\nSans ir liela modularit\u0101te un iesp\u0113ja izmantot augstas sienas, lai, ja nepiecie\u0161ams, j\u016bs tos var\u0113tu pievienot, lai palielin\u0101tu priv\u0101tumu un uzlabotu akustiku.<\/p>","protected":false},"featured_media":7296,"template":"","meta":{"_acf_changed":false},"product_brand":[],"product_cat":[101,113],"product_tag":[114],"class_list":{"0":"post-7295","1":"product","2":"type-product","3":"status-publish","4":"has-post-thumbnail","6":"product_cat-biroja-mebeles","7":"product_cat-uzgaidamie-divani","8":"product_tag-intuit","10":"first","11":"instock","12":"shipping-taxable","13":"purchasable","14":"product-type-simple"},"acf":[],"_links":{"self":[{"href":"https:\/\/lightup.lv\/ru\/wp-json\/wp\/v2\/product\/7295","targetHints":{"allow":["GET"]}}],"collection":[{"href":"https:\/\/lightup.lv\/ru\/wp-json\/wp\/v2\/product"}],"about":[{"href":"https:\/\/lightup.lv\/ru\/wp-json\/wp\/v2\/types\/product"}],"wp:featuredmedia":[{"embeddable":true,"href":"https:\/\/lightup.lv\/ru\/wp-json\/wp\/v2\/media\/7296"}],"wp:attachment":[{"href":"https:\/\/lightup.lv\/ru\/wp-json\/wp\/v2\/media?parent=7295"}],"wp:term":[{"taxonomy":"product_brand","embeddable":true,"href":"https:\/\/lightup.lv\/ru\/wp-json\/wp\/v2\/product_brand?post=7295"},{"taxonomy":"product_cat","embeddable":true,"href":"https:\/\/lightup.lv\/ru\/wp-json\/wp\/v2\/product_cat?post=7295"},{"taxonomy":"product_tag","embeddable":true,"href":"https:\/\/lightup.lv\/ru\/wp-json\/wp\/v2\/product_tag?post=7295"}],"curies":[{"name":"wp","href":"https:\/\/api.w.org\/{rel}","templated":true}]}}