{"id":7336,"date":"2021-02-11T10:06:27","date_gmt":"2021-02-11T10:06:27","guid":{"rendered":"https:\/\/lightup.lv\/product\/august-wall\/"},"modified":"2024-02-13T11:14:24","modified_gmt":"2024-02-13T11:14:24","slug":"august-wall","status":"publish","type":"product","link":"https:\/\/lightup.lv\/ru\/precu-katalogs\/august-wall\/","title":{"rendered":"\u0410\u0432\u0433\u0443\u0441\u0442\u043e\u0432\u0441\u043a\u0430\u044f \u0441\u0442\u0435\u043d\u0430"},"content":{"rendered":"<p>\u0420\u0430\u0437\u043c\u0435\u0440\u044b:<br \/>\nSoli\u0146\u0161 2,5-F: 148x56xH45 cm<br \/>\nPanelis W \/ M: 95xH123 cm<br \/>\nPanelis W \/ S: 65xH123 cm<br \/>\n2,5-F + W \/ M + W \/ S: 160x66xH136 cm<br \/>\n\u0413\u0430\u0440\u0430\u043d\u0442\u0438\u044f 5 \u043b\u0435\u0442.<\/p>\n<p>Cena s\u0101kot NO: 1939,63 eiro<br \/>\n\u0426\u0435\u043d\u0430 \u0437\u0430\u0432\u0438\u0441\u0438\u0442 \u043e\u0442 \u043a\u043e\u043c\u043f\u043b\u0435\u043a\u0442\u0430\u0446\u0438\u0438 \u0438 \u0432\u044b\u0431\u0440\u0430\u043d\u043d\u043e\u0433\u043e \u043e\u0442\u0442\u0435\u043d\u043a\u0430 \u0442\u043a\u0430\u043d\u0438.<\/p>\n<p>\u2013 \u0414\u043e\u0441\u0442\u0443\u043f\u043d\u044b \u0440\u0430\u0437\u043b\u0438\u0447\u043d\u044b\u0435 \u0440\u0430\u0437\u043c\u0435\u0440\u044b<br \/>\n\u2013 \u0414\u043e\u0441\u0442\u0443\u043f\u043d\u044b \u0440\u0430\u0437\u043b\u0438\u0447\u043d\u044b\u0435 \u0442\u043a\u0430\u043d\u0438 \u0438 \u043e\u0442\u0442\u0435\u043d\u043a\u0438<br \/>\n\u2013 \u0414\u043e\u0441\u0442\u0443\u043f\u043d\u044b \u0438\u043d\u0434\u0438\u0432\u0438\u0434\u0443\u0430\u043b\u044c\u043d\u044b\u0435 \u0440\u0435\u0448\u0435\u043d\u0438\u044f<br \/>\n\u2013 \u0414\u043e\u0441\u0442\u0443\u043f\u043d\u044b 3D-\u043c\u043e\u0434\u0435\u043b\u0438<br \/>\n\u0421\u0432\u044f\u0436\u0438\u0442\u0435\u0441\u044c \u0441 \u043d\u0430\u043c\u0438, \u0438 \u043c\u044b \u0440\u0430\u0441\u0441\u043a\u0430\u0436\u0435\u043c \u0432\u0430\u043c \u0432\u0441\u0435 \u043f\u043e\u0434\u0440\u043e\u0431\u043d\u043e.<\/p>\n<p>ID August Wall<\/p>","protected":false},"excerpt":{"rendered":"<p>Augstas kvalit\u0101tes d\u012bv\u0101nu s\u0113rija ar ska\u0146u absorb\u0113jo\u0161\u0101m \u012bpa\u0161\u012bb\u0101m tika izveidota \u012bpa\u0161i atv\u0113rta pl\u0101nojuma darba videi. D\u012bv\u0101ni ir da\u017e\u0101da platuma un augstuma diapazon\u0101, \u013caujot Jums izveidot br\u012bvi st\u0101vo\u0161as da\u017e\u0101du formu un izm\u0113ru priv\u0101tuma \u201csalas\u201d, kur\u0101s varat r\u012bkot mini san\u0101ksmes, iedzi\u013cin\u0101ties dokumentos vai veikt svar\u012bgus t\u0101lru\u0146a zvanus prom no aiz\u0146emt\u0101k\u0101m darba viet\u0101m.<br \/>\n\u0410\u0441\u0438\u043c\u043c\u0435\u0442\u0440\u0438\u0447\u043d\u044b\u0435 \u043f\u043e\u0434\u0443\u0448\u043a\u0438 \u0441\u043f\u0438\u043d\u043a\u0438, \u0438\u043c\u0438\u0442\u0438\u0440\u0443\u044e\u0449\u0438\u0435 \u043c\u043e\u0440\u0441\u043a\u0438\u0435 \u043a\u0430\u043c\u043d\u0438, \u0441\u043e\u0437\u0434\u0430\u044e\u0442 \u043f\u0440\u0438\u044f\u0442\u043d\u044b\u0439 \u0430\u043a\u0446\u0435\u043d\u0442. \u0412\u044b\u0441\u043e\u043a\u043e\u043a\u0430\u0447\u0435\u0441\u0442\u0432\u0435\u043d\u043d\u044b\u0435 \u043c\u0430\u0442\u0435\u0440\u0438\u0430\u043b\u044b \u0433\u0430\u0440\u0430\u043d\u0442\u0438\u0440\u0443\u044e\u0442, \u0447\u0442\u043e \u044d\u0442\u0438 \u0434\u0438\u0432\u0430\u043d\u044b \u043f\u0440\u043e\u0441\u043b\u0443\u0436\u0430\u0442 \u0432\u0430\u043c \u0434\u043e\u043b\u0433\u043e\u0435 \u0432\u0440\u0435\u043c\u044f.<\/p>","protected":false},"featured_media":7337,"template":"","meta":{"_acf_changed":false},"product_brand":[],"product_cat":[101,113],"product_tag":[114],"class_list":{"0":"post-7336","1":"product","2":"type-product","3":"status-publish","4":"has-post-thumbnail","6":"product_cat-biroja-mebeles","7":"product_cat-uzgaidamie-divani","8":"product_tag-intuit","10":"first","11":"instock","12":"shipping-taxable","13":"purchasable","14":"product-type-simple"},"acf":[],"_links":{"self":[{"href":"https:\/\/lightup.lv\/ru\/wp-json\/wp\/v2\/product\/7336","targetHints":{"allow":["GET"]}}],"collection":[{"href":"https:\/\/lightup.lv\/ru\/wp-json\/wp\/v2\/product"}],"about":[{"href":"https:\/\/lightup.lv\/ru\/wp-json\/wp\/v2\/types\/product"}],"wp:featuredmedia":[{"embeddable":true,"href":"https:\/\/lightup.lv\/ru\/wp-json\/wp\/v2\/media\/7337"}],"wp:attachment":[{"href":"https:\/\/lightup.lv\/ru\/wp-json\/wp\/v2\/media?parent=7336"}],"wp:term":[{"taxonomy":"product_brand","embeddable":true,"href":"https:\/\/lightup.lv\/ru\/wp-json\/wp\/v2\/product_brand?post=7336"},{"taxonomy":"product_cat","embeddable":true,"href":"https:\/\/lightup.lv\/ru\/wp-json\/wp\/v2\/product_cat?post=7336"},{"taxonomy":"product_tag","embeddable":true,"href":"https:\/\/lightup.lv\/ru\/wp-json\/wp\/v2\/product_tag?post=7336"}],"curies":[{"name":"WP","href":"https:\/\/api.w.org\/{rel}","templated":true}]}}