{"id":7387,"date":"2021-02-11T11:12:16","date_gmt":"2021-02-11T11:12:16","guid":{"rendered":"https:\/\/lightup.lv\/product\/manhattan-penta\/"},"modified":"2024-02-13T10:58:55","modified_gmt":"2024-02-13T10:58:55","slug":"manhattan-penta","status":"publish","type":"product","link":"https:\/\/lightup.lv\/ru\/%d0%ba%d0%b0%d1%82%d0%b0%d0%bb%d0%be%d0%b3-%d0%bf%d1%80%d0%be%d0%b4%d1%83%d0%ba%d1%86%d0%b8%d0%b8\/manhattan-penta\/","title":{"rendered":"\u041c\u0430\u043d\u0445\u044d\u0442\u0442\u0435\u043d \u041f\u0435\u043d\u0442\u0430"},"content":{"rendered":"<p>\u0420\u0430\u0437\u043c\u0435\u0440\u044b:<br \/>\n1-F: 93,5x89xH41 cm<br \/>\n1-S \/ H1: 93,5x89xH71 cm<br \/>\n1-S \/ H2: 93,5x89xH101 cm<br \/>\n1-S \/ H3: 93,5x89xH141 cm<br \/>\n1-F \/ ST: 112x77xH41 cm<br \/>\n1-s \/ ST: 112x77xH71 cm<br \/>\nS\u0113dek\u013ca dzi\u013cums: 50 cm (modu\u013ci 1-S \/ ST un 1-F \/ ST: 44 cm)<br \/>\nS\u0113dek\u013ca augstums: 41 cm<\/p>\n<p>\u0413\u0430\u0440\u0430\u043d\u0442\u0438\u044f 5 \u043b\u0435\u0442.<\/p>\n<p>Cena s\u0101kot NO: 775,61 eiro<br \/>\n\u0426\u0435\u043d\u0430 \u0437\u0430\u0432\u0438\u0441\u0438\u0442 \u043e\u0442 \u043a\u043e\u043c\u043f\u043b\u0435\u043a\u0442\u0430\u0446\u0438\u0438 \u0438 \u0432\u044b\u0431\u0440\u0430\u043d\u043d\u043e\u0433\u043e \u043e\u0442\u0442\u0435\u043d\u043a\u0430 \u0442\u043a\u0430\u043d\u0438.<\/p>\n<p>\u2013 \u0414\u043e\u0441\u0442\u0443\u043f\u043d\u044b \u0440\u0430\u0437\u043b\u0438\u0447\u043d\u044b\u0435 \u0440\u0430\u0437\u043c\u0435\u0440\u044b<br \/>\n\u2013 \u0414\u043e\u0441\u0442\u0443\u043f\u043d\u044b \u0440\u0430\u0437\u043b\u0438\u0447\u043d\u044b\u0435 \u0442\u043a\u0430\u043d\u0438 \u0438 \u043e\u0442\u0442\u0435\u043d\u043a\u0438<br \/>\n\u2013 \u0414\u043e\u0441\u0442\u0443\u043f\u043d\u044b \u0438\u043d\u0434\u0438\u0432\u0438\u0434\u0443\u0430\u043b\u044c\u043d\u044b\u0435 \u0440\u0435\u0448\u0435\u043d\u0438\u044f<br \/>\n\u2013 \u0414\u043e\u0441\u0442\u0443\u043f\u043d\u044b 3D-\u043c\u043e\u0434\u0435\u043b\u0438<br \/>\n\u0421\u0432\u044f\u0436\u0438\u0442\u0435\u0441\u044c \u0441 \u043d\u0430\u043c\u0438, \u0438 \u043c\u044b \u0440\u0430\u0441\u0441\u043a\u0430\u0436\u0435\u043c \u0432\u0430\u043c \u0432\u0441\u0435 \u043f\u043e\u0434\u0440\u043e\u0431\u043d\u043e.<\/p>\n<p>ID Manhattan Penta<\/p>","protected":false},"excerpt":{"rendered":"<p>Manhattan Penta daudzfunkcion\u0101lo piecst\u016bru s\u0113dek\u013cu sist\u0113mu var sak\u0101rtot bezgal\u012bg\u0101s iedvesmojo\u0161\u0101s kombin\u0101cij\u0101s, katra no t\u0101m nedaudz at\u0161\u0137iras. Tas lieliski iederas gan rota\u013c\u012bg\u0101s, pl\u016bsto\u0161\u0101s telp\u0101s, gan telp\u0101s, kas prasa piesk\u0101rienu un maigumu. Manhattan Penta ir piel\u0101gojama vis\u0101m sabiedriskaj\u0101m telp\u0101m, s\u0101kot no skol\u0101m un uzgaid\u0101maj\u0101m telp\u0101m l\u012bdz m\u0101j\u012bgiem birojiem.<br \/>\nDizainera vado\u0161ais princips ir \u201cizgatavot ilgsto\u0161us produktus un atst\u0101t pasauli lab\u0101k\u0101 form\u0101 nek\u0101 tas, k\u0101 m\u0113s to atrad\u0101m\u201d &#8211; svar\u012bga doma, ko t\u0101l\u0101k att\u012bst\u012bt patst\u0101v\u012bgi vai kop\u0101 ar savu komandu vai kopienu.<\/p>","protected":false},"featured_media":7388,"template":"","meta":{"_acf_changed":false},"product_brand":[],"product_cat":[101,116],"product_tag":[114],"class_list":{"0":"post-7387","1":"product","2":"type-product","3":"status-publish","4":"has-post-thumbnail","6":"product_cat-biroja-mebeles","7":"product_cat-pufi","8":"product_tag-intuit","10":"first","11":"instock","12":"shipping-taxable","13":"purchasable","14":"product-type-simple"},"acf":[],"_links":{"self":[{"href":"https:\/\/lightup.lv\/ru\/wp-json\/wp\/v2\/product\/7387","targetHints":{"allow":["GET"]}}],"collection":[{"href":"https:\/\/lightup.lv\/ru\/wp-json\/wp\/v2\/product"}],"about":[{"href":"https:\/\/lightup.lv\/ru\/wp-json\/wp\/v2\/types\/product"}],"wp:featuredmedia":[{"embeddable":true,"href":"https:\/\/lightup.lv\/ru\/wp-json\/wp\/v2\/media\/7388"}],"wp:attachment":[{"href":"https:\/\/lightup.lv\/ru\/wp-json\/wp\/v2\/media?parent=7387"}],"wp:term":[{"taxonomy":"product_brand","embeddable":true,"href":"https:\/\/lightup.lv\/ru\/wp-json\/wp\/v2\/product_brand?post=7387"},{"taxonomy":"product_cat","embeddable":true,"href":"https:\/\/lightup.lv\/ru\/wp-json\/wp\/v2\/product_cat?post=7387"},{"taxonomy":"product_tag","embeddable":true,"href":"https:\/\/lightup.lv\/ru\/wp-json\/wp\/v2\/product_tag?post=7387"}],"curies":[{"name":"wp","href":"https:\/\/api.w.org\/{rel}","templated":true}]}}