{"id":7406,"date":"2021-02-11T11:28:24","date_gmt":"2021-02-11T11:28:24","guid":{"rendered":"https:\/\/lightup.lv\/product\/sofi-1f\/"},"modified":"2024-02-13T10:57:34","modified_gmt":"2024-02-13T10:57:34","slug":"sofi-1f","status":"publish","type":"product","link":"https:\/\/lightup.lv\/ru\/%d0%ba%d0%b0%d1%82%d0%b0%d0%bb%d0%be%d0%b3-%d0%bf%d1%80%d0%be%d0%b4%d1%83%d0%ba%d1%86%d0%b8%d0%b8\/sofi-1f\/","title":{"rendered":"\u0421\u043e\u0444\u0438 1F"},"content":{"rendered":"<p>Izm\u0113rs 90x80xH40 cm<br \/>\n\u0413\u0430\u0440\u0430\u043d\u0442\u0438\u044f 5 \u043b\u0435\u0442.<\/p>\n<p>Cena s\u0101kot NO: 726 eiro<br \/>\n\u0426\u0435\u043d\u0430 \u0437\u0430\u0432\u0438\u0441\u0438\u0442 \u043e\u0442 \u043a\u043e\u043c\u043f\u043b\u0435\u043a\u0442\u0430\u0446\u0438\u0438 \u0438 \u0432\u044b\u0431\u0440\u0430\u043d\u043d\u043e\u0433\u043e \u043e\u0442\u0442\u0435\u043d\u043a\u0430 \u0442\u043a\u0430\u043d\u0438.<\/p>\n<p>\u2013 \u0414\u043e\u0441\u0442\u0443\u043f\u043d\u044b \u0440\u0430\u0437\u043b\u0438\u0447\u043d\u044b\u0435 \u0440\u0430\u0437\u043c\u0435\u0440\u044b<br \/>\n\u2013 \u0414\u043e\u0441\u0442\u0443\u043f\u043d\u044b \u0440\u0430\u0437\u043b\u0438\u0447\u043d\u044b\u0435 \u0442\u043a\u0430\u043d\u0438 \u0438 \u043e\u0442\u0442\u0435\u043d\u043a\u0438<br \/>\n\u2013 \u0414\u043e\u0441\u0442\u0443\u043f\u043d\u044b \u0438\u043d\u0434\u0438\u0432\u0438\u0434\u0443\u0430\u043b\u044c\u043d\u044b\u0435 \u0440\u0435\u0448\u0435\u043d\u0438\u044f<br \/>\n\u2013 \u0414\u043e\u0441\u0442\u0443\u043f\u043d\u044b 3D-\u043c\u043e\u0434\u0435\u043b\u0438<br \/>\n\u0421\u0432\u044f\u0436\u0438\u0442\u0435\u0441\u044c \u0441 \u043d\u0430\u043c\u0438, \u0438 \u043c\u044b \u0440\u0430\u0441\u0441\u043a\u0430\u0436\u0435\u043c \u0432\u0430\u043c \u0432\u0441\u0435 \u043f\u043e\u0434\u0440\u043e\u0431\u043d\u043e.<\/p>\n<p>ID Sofi 1F<\/p>","protected":false},"excerpt":{"rendered":"<p>Sofi s\u0113rija tika veidota t\u0101, lai cilv\u0113ki birojos justos vair\u0101k k\u0101 m\u0101j\u0101s. Stila zi\u0146\u0101 tas ir jautr\u0101k nek\u0101 j\u016bsu biroja m\u0113beles, k\u0101 ar\u012b slaid\u0101kas un pretimn\u0101ko\u0161\u0101ks. K\u0101ju (nevis pamatnes) izmanto\u0161ana rada gan burtisku, gan figur\u0101lu vieglumu un aicina cilv\u0113kus p\u0101rk\u0101rtot pufus apk\u0101rt telpai, lai tie b\u016btu piem\u0113roti sev.<br \/>\nSofi s\u0113rija ir labi piem\u0113rota maz\u0101kiem birojiem, k\u0101 ar\u012b liel\u0101k\u0101m biroju telp\u0101m liel\u0101k\u0101 skait\u0101.<\/p>","protected":false},"featured_media":7407,"template":"","meta":{"_acf_changed":false},"product_brand":[],"product_cat":[101,116],"product_tag":[114],"class_list":{"0":"post-7406","1":"product","2":"type-product","3":"status-publish","4":"has-post-thumbnail","6":"product_cat-biroja-mebeles","7":"product_cat-pufi","8":"product_tag-intuit","10":"first","11":"instock","12":"shipping-taxable","13":"purchasable","14":"product-type-simple"},"acf":[],"_links":{"self":[{"href":"https:\/\/lightup.lv\/ru\/wp-json\/wp\/v2\/product\/7406","targetHints":{"allow":["GET"]}}],"collection":[{"href":"https:\/\/lightup.lv\/ru\/wp-json\/wp\/v2\/product"}],"about":[{"href":"https:\/\/lightup.lv\/ru\/wp-json\/wp\/v2\/types\/product"}],"wp:featuredmedia":[{"embeddable":true,"href":"https:\/\/lightup.lv\/ru\/wp-json\/wp\/v2\/media\/7407"}],"wp:attachment":[{"href":"https:\/\/lightup.lv\/ru\/wp-json\/wp\/v2\/media?parent=7406"}],"wp:term":[{"taxonomy":"product_brand","embeddable":true,"href":"https:\/\/lightup.lv\/ru\/wp-json\/wp\/v2\/product_brand?post=7406"},{"taxonomy":"product_cat","embeddable":true,"href":"https:\/\/lightup.lv\/ru\/wp-json\/wp\/v2\/product_cat?post=7406"},{"taxonomy":"product_tag","embeddable":true,"href":"https:\/\/lightup.lv\/ru\/wp-json\/wp\/v2\/product_tag?post=7406"}],"curies":[{"name":"wp","href":"https:\/\/api.w.org\/{rel}","templated":true}]}}