{"id":7418,"date":"2021-02-11T11:54:02","date_gmt":"2021-02-11T11:54:02","guid":{"rendered":"https:\/\/lightup.lv\/product\/sigmund\/"},"modified":"2024-02-13T10:54:49","modified_gmt":"2024-02-13T10:54:49","slug":"sigmund","status":"publish","type":"product","link":"https:\/\/lightup.lv\/ru\/precu-katalogs\/sigmund\/","title":{"rendered":"\u0417\u0438\u0433\u043c\u0443\u043d\u0434"},"content":{"rendered":"<p>\u0420\u0430\u0437\u043c\u0435\u0440\u044b:<br \/>\n\u0428\u0438\u0440\u0438\u043d\u0430: 105 \u0441\u043c<br \/>\nDzi\u013cums: 40 cm<br \/>\nAugstums: 175 cm<br \/>\n\u0413\u0430\u0440\u0430\u043d\u0442\u0438\u044f 5 \u043b\u0435\u0442.<\/p>\n<p>Cena s\u0101kot NO: 963,16 eiro<br \/>\n\u0426\u0435\u043d\u0430 \u0437\u0430\u0432\u0438\u0441\u0438\u0442 \u043e\u0442 \u043a\u043e\u043c\u043f\u043b\u0435\u043a\u0442\u0430\u0446\u0438\u0438 \u0438 \u0432\u044b\u0431\u0440\u0430\u043d\u043d\u043e\u0433\u043e \u043e\u0442\u0442\u0435\u043d\u043a\u0430 \u0442\u043a\u0430\u043d\u0438.<\/p>\n<p>\u2013 \u0414\u043e\u0441\u0442\u0443\u043f\u043d\u044b \u0440\u0430\u0437\u043b\u0438\u0447\u043d\u044b\u0435 \u0440\u0430\u0437\u043c\u0435\u0440\u044b<br \/>\n\u2013 \u0414\u043e\u0441\u0442\u0443\u043f\u043d\u044b \u0440\u0430\u0437\u043b\u0438\u0447\u043d\u044b\u0435 \u0442\u043a\u0430\u043d\u0438 \u0438 \u043e\u0442\u0442\u0435\u043d\u043a\u0438<br \/>\n\u2013 \u0414\u043e\u0441\u0442\u0443\u043f\u043d\u044b \u0438\u043d\u0434\u0438\u0432\u0438\u0434\u0443\u0430\u043b\u044c\u043d\u044b\u0435 \u0440\u0435\u0448\u0435\u043d\u0438\u044f<br \/>\n\u2013 \u0414\u043e\u0441\u0442\u0443\u043f\u043d\u044b 3D-\u043c\u043e\u0434\u0435\u043b\u0438<br \/>\n\u0421\u0432\u044f\u0436\u0438\u0442\u0435\u0441\u044c \u0441 \u043d\u0430\u043c\u0438, \u0438 \u043c\u044b \u0440\u0430\u0441\u0441\u043a\u0430\u0436\u0435\u043c \u0432\u0430\u043c \u0432\u0441\u0435 \u043f\u043e\u0434\u0440\u043e\u0431\u043d\u043e.<\/p>\n<p>ID Sigmund<\/p>","protected":false},"excerpt":{"rendered":"<p>M\u016bsdienu birojs ir pl\u016bsto\u0161a vide, kas main\u0101s un main\u0101s l\u012bdz ar saviem darbiniekiem un vi\u0146u paveikto darbu. \u0160is ska\u0146u absorb\u0113jo\u0161ais ekr\u0101ns \u013cauj \u0113rti izveidot zonas biroj\u0101.<br \/>\nIzmantojot vair\u0101kus modu\u013cus, j\u016bs varat izveidot troksni sl\u0101p\u0113jo\u0161u sienu vai nelielu st\u016bri, lai cilv\u0113ki var\u0113tu s\u0113d\u0113t kop\u0101. \u0160\u0101da veida ekr\u0101ns ir neaizst\u0101jams viet\u0101s, kur j\u016bsu veikt\u0101 darba raksturs prasa liel\u0101ku priv\u0101tumu nek\u0101 piln\u012bb\u0101 atv\u0113rt\u0101 telpa \u013cauj.<\/p>","protected":false},"featured_media":7419,"template":"","meta":{"_acf_changed":false},"product_brand":[],"product_cat":[101,118],"product_tag":[114],"class_list":{"0":"post-7418","1":"product","2":"type-product","3":"status-publish","4":"has-post-thumbnail","6":"product_cat-biroja-mebeles","7":"product_cat-plauktu-sistemas","8":"product_tag-intuit","10":"first","11":"instock","12":"shipping-taxable","13":"purchasable","14":"product-type-simple"},"acf":[],"_links":{"self":[{"href":"https:\/\/lightup.lv\/ru\/wp-json\/wp\/v2\/product\/7418","targetHints":{"allow":["GET"]}}],"collection":[{"href":"https:\/\/lightup.lv\/ru\/wp-json\/wp\/v2\/product"}],"about":[{"href":"https:\/\/lightup.lv\/ru\/wp-json\/wp\/v2\/types\/product"}],"wp:featuredmedia":[{"embeddable":true,"href":"https:\/\/lightup.lv\/ru\/wp-json\/wp\/v2\/media\/7419"}],"wp:attachment":[{"href":"https:\/\/lightup.lv\/ru\/wp-json\/wp\/v2\/media?parent=7418"}],"wp:term":[{"taxonomy":"product_brand","embeddable":true,"href":"https:\/\/lightup.lv\/ru\/wp-json\/wp\/v2\/product_brand?post=7418"},{"taxonomy":"product_cat","embeddable":true,"href":"https:\/\/lightup.lv\/ru\/wp-json\/wp\/v2\/product_cat?post=7418"},{"taxonomy":"product_tag","embeddable":true,"href":"https:\/\/lightup.lv\/ru\/wp-json\/wp\/v2\/product_tag?post=7418"}],"curies":[{"name":"WP","href":"https:\/\/api.w.org\/{rel}","templated":true}]}}