{"id":8572,"date":"2021-03-26T06:16:43","date_gmt":"2021-03-26T06:16:43","guid":{"rendered":"https:\/\/lightup.lv\/product\/cannes-terases-bara-kresls\/"},"modified":"2026-04-11T11:44:13","modified_gmt":"2026-04-11T09:44:13","slug":"cannes-terases-bara-kresls","status":"publish","type":"product","link":"https:\/\/lightup.lv\/ru\/%d0%ba%d0%b0%d1%82%d0%b0%d0%bb%d0%be%d0%b3-%d0%bf%d1%80%d0%be%d0%b4%d1%83%d0%ba%d1%86%d0%b8%d0%b8\/cannes-terases-bara-kresls\/","title":{"rendered":"CANNES terases b\u0101ra kr\u0113sls"},"content":{"rendered":"<p>Kr\u0101sa : Antrac\u012bts\/br\u016bns, antrac\u012bts\/taupe<br \/>\nS\u0113des augstums : 75 cm<br \/>\nKr\u0113sla platums : 58 cm<br \/>\nKr\u0113sla augstums : 98 cm<\/p>\n<p>Cinkota t\u0113rauda sakraujamais b\u0101ra kr\u0113sls, p\u0101rkl\u0101ts ar tekstil\u0113na \/ poliolef\u012bna virvi.<br \/>\nP\u0101rdo\u0161an\u0101 2 gabali katr\u0101 kast\u0113.<\/p>\n<p>ID CANNESSGABELLO<\/p>","protected":false},"excerpt":{"rendered":"<p>\u041a\u043e\u043c\u043f\u0430\u043d\u0438\u044f Grattoni \u0431\u044b\u043b\u0430 \u043e\u0441\u043d\u043e\u0432\u0430\u043d\u0430 \u0432 1972 \u0433\u043e\u0434\u0443 \u0432 \u0421\u0430\u043d-\u0414\u0436\u043e\u0432\u0430\u043d\u043d\u0438-\u0430\u043b\u044c-\u041d\u0430\u0442\u0438\u0437\u043e\u043d\u0435 \u2013 \u0441\u0435\u0440\u0434\u0446\u0435 \u0438\u0442\u0430\u043b\u044c\u044f\u043d\u0441\u043a\u043e\u0433\u043e \u0440\u0430\u0439\u043e\u043d\u0430, \u043f\u0440\u043e\u0438\u0437\u0432\u043e\u0434\u044f\u0449\u0435\u0433\u043e \u0441\u0442\u0443\u043b\u044c\u044f, \u2013 \u043a\u0430\u043a \u043f\u0440\u043e\u0438\u0437\u0432\u043e\u0434\u0438\u0442\u0435\u043b\u044c \u0441\u0442\u0443\u043b\u044c\u0435\u0432 \u043a\u043b\u0430\u0441\u0441\u0438\u0447\u0435\u0441\u043a\u043e\u0433\u043e \u0434\u0438\u0437\u0430\u0439\u043d\u0430. \u0412 2010 \u0433\u043e\u0434\u0443 \u043a\u043e\u043c\u043f\u0430\u043d\u0438\u044f \u043f\u0435\u0440\u0435\u0448\u043b\u0430 \u043d\u0430 \u043a\u043e\u043c\u043c\u0435\u0440\u0447\u0435\u0441\u043a\u0443\u044e \u0434\u0435\u044f\u0442\u0435\u043b\u044c\u043d\u043e\u0441\u0442\u044c, \u0438\u043c\u043f\u043e\u0440\u0442\u0438\u0440\u0443\u044f \u043a\u0430\u0447\u0435\u0441\u0442\u0432\u0435\u043d\u043d\u0443\u044e \u0441\u0430\u0434\u043e\u0432\u0443\u044e \u043c\u0435\u0431\u0435\u043b\u044c. \u0412 \u0435\u0451 \u0430\u0441\u0441\u043e\u0440\u0442\u0438\u043c\u0435\u043d\u0442 \u0432\u0445\u043e\u0434\u044f\u0442 \u0441\u0442\u0443\u043b\u044c\u044f, \u0434\u0438\u0432\u0430\u043d\u044b, \u043a\u0440\u0435\u0441\u043b\u0430, \u0441\u0442\u043e\u043b\u044b \u0438 \u043e\u0441\u043d\u043e\u0432\u0430\u043d\u0438\u044f \u0434\u043b\u044f \u0441\u0442\u043e\u043b\u043e\u0432 \u0434\u043b\u044f \u0438\u0441\u043f\u043e\u043b\u044c\u0437\u043e\u0432\u0430\u043d\u0438\u044f \u0432 \u043f\u043e\u043c\u0435\u0449\u0435\u043d\u0438\u044f\u0445 \u0438 \u043d\u0430 \u0443\u043b\u0438\u0446\u0435, \u043f\u0440\u0435\u0434\u043d\u0430\u0437\u043d\u0430\u0447\u0435\u043d\u043d\u044b\u0435 \u0434\u043b\u044f \u0436\u0438\u043b\u044b\u0445 \u043f\u043e\u043c\u0435\u0449\u0435\u043d\u0438\u0439 \u0438 \u0441\u0444\u0435\u0440\u044b \u0443\u0441\u043b\u0443\u0433.<\/p>","protected":false},"featured_media":8573,"template":"","meta":{"_acf_changed":false},"product_brand":[],"product_cat":[122,50],"product_tag":[66],"class_list":{"0":"post-8572","1":"product","2":"type-product","3":"status-publish","4":"has-post-thumbnail","6":"product_cat-terases-bara-kresli","7":"product_cat-terases-mebeles","8":"product_tag-grattoni","10":"first","11":"instock","12":"shipping-taxable","13":"purchasable","14":"product-type-simple"},"acf":[],"_links":{"self":[{"href":"https:\/\/lightup.lv\/ru\/wp-json\/wp\/v2\/product\/8572","targetHints":{"allow":["GET"]}}],"collection":[{"href":"https:\/\/lightup.lv\/ru\/wp-json\/wp\/v2\/product"}],"about":[{"href":"https:\/\/lightup.lv\/ru\/wp-json\/wp\/v2\/types\/product"}],"wp:featuredmedia":[{"embeddable":true,"href":"https:\/\/lightup.lv\/ru\/wp-json\/wp\/v2\/media\/8573"}],"wp:attachment":[{"href":"https:\/\/lightup.lv\/ru\/wp-json\/wp\/v2\/media?parent=8572"}],"wp:term":[{"taxonomy":"product_brand","embeddable":true,"href":"https:\/\/lightup.lv\/ru\/wp-json\/wp\/v2\/product_brand?post=8572"},{"taxonomy":"product_cat","embeddable":true,"href":"https:\/\/lightup.lv\/ru\/wp-json\/wp\/v2\/product_cat?post=8572"},{"taxonomy":"product_tag","embeddable":true,"href":"https:\/\/lightup.lv\/ru\/wp-json\/wp\/v2\/product_tag?post=8572"}],"curies":[{"name":"wp","href":"https:\/\/api.w.org\/{rel}","templated":true}]}}