{"id":8725,"date":"2021-04-06T13:43:26","date_gmt":"2021-04-06T13:43:26","guid":{"rendered":"https:\/\/lightup.lv\/product\/joy-saulosanas-kresls\/"},"modified":"2024-01-29T17:36:08","modified_gmt":"2024-01-29T17:36:08","slug":"joy-saulosanas-kresls","status":"publish","type":"product","link":"https:\/\/lightup.lv\/ru\/precu-katalogs\/joy-saulosanas-kresls\/","title":{"rendered":"JOY sau\u013co\u0161an\u0101s kr\u0113sls"},"content":{"rendered":"<p>Alum\u012bnija sau\u013co\u0161an\u0101s\/atp\u016btas kr\u0113sls. Matracis polster\u0113ts, \u016bdensiztur\u012bgs audumu.<br \/>\n\u041f\u043e\u0434\u0445\u043e\u0434\u0438\u0442 \u0434\u043b\u044f \u0438\u0441\u043f\u043e\u043b\u044c\u0437\u043e\u0432\u0430\u043d\u0438\u044f \u043d\u0430 \u043e\u0442\u043a\u0440\u044b\u0442\u043e\u043c \u0432\u043e\u0437\u0434\u0443\u0445\u0435.<br \/>\nKr\u0101sas : Antrac\u012bts\/Gai\u0161i pel\u0113ks-tum\u0161i pel\u0113ks<\/p>\n<p>\u0420\u0430\u0437\u043c\u0435\u0440\u044b:<br \/>\nAugstums: 60 cm<br \/>\nS\u0113des augstums: 30 cm<br \/>\nGarums: 213 cm<br \/>\nPlatums: 90 cm<\/p>\n<p>ID JOYLETTINO<\/p>","protected":false},"excerpt":{"rendered":"<p>\u041a\u043e\u043c\u043f\u0430\u043d\u0438\u044f Grattoni \u0431\u044b\u043b\u0430 \u043e\u0441\u043d\u043e\u0432\u0430\u043d\u0430 \u0432 1972 \u0433\u043e\u0434\u0443 \u0432 \u0421\u0430\u043d-\u0414\u0436\u043e\u0432\u0430\u043d\u043d\u0438-\u0430\u043b\u044c-\u041d\u0430\u0442\u0438\u0437\u043e\u043d\u0435 \u2013 \u0441\u0435\u0440\u0434\u0446\u0435 \u0438\u0442\u0430\u043b\u044c\u044f\u043d\u0441\u043a\u043e\u0433\u043e \u0440\u0430\u0439\u043e\u043d\u0430, \u043f\u0440\u043e\u0438\u0437\u0432\u043e\u0434\u044f\u0449\u0435\u0433\u043e \u0441\u0442\u0443\u043b\u044c\u044f, \u2013 \u043a\u0430\u043a \u043f\u0440\u043e\u0438\u0437\u0432\u043e\u0434\u0438\u0442\u0435\u043b\u044c \u0441\u0442\u0443\u043b\u044c\u0435\u0432 \u043a\u043b\u0430\u0441\u0441\u0438\u0447\u0435\u0441\u043a\u043e\u0433\u043e \u0434\u0438\u0437\u0430\u0439\u043d\u0430. \u0412 2010 \u0433\u043e\u0434\u0443 \u043a\u043e\u043c\u043f\u0430\u043d\u0438\u044f \u043f\u0435\u0440\u0435\u0448\u043b\u0430 \u043d\u0430 \u043a\u043e\u043c\u043c\u0435\u0440\u0447\u0435\u0441\u043a\u0443\u044e \u0434\u0435\u044f\u0442\u0435\u043b\u044c\u043d\u043e\u0441\u0442\u044c, \u0438\u043c\u043f\u043e\u0440\u0442\u0438\u0440\u0443\u044f \u043a\u0430\u0447\u0435\u0441\u0442\u0432\u0435\u043d\u043d\u0443\u044e \u0441\u0430\u0434\u043e\u0432\u0443\u044e \u043c\u0435\u0431\u0435\u043b\u044c. \u0412 \u0435\u0451 \u0430\u0441\u0441\u043e\u0440\u0442\u0438\u043c\u0435\u043d\u0442 \u0432\u0445\u043e\u0434\u044f\u0442 \u0441\u0442\u0443\u043b\u044c\u044f, \u0434\u0438\u0432\u0430\u043d\u044b, \u043a\u0440\u0435\u0441\u043b\u0430, \u0441\u0442\u043e\u043b\u044b \u0438 \u043e\u0441\u043d\u043e\u0432\u0430\u043d\u0438\u044f \u0434\u043b\u044f \u0441\u0442\u043e\u043b\u043e\u0432 \u0434\u043b\u044f \u0438\u0441\u043f\u043e\u043b\u044c\u0437\u043e\u0432\u0430\u043d\u0438\u044f \u0432 \u043f\u043e\u043c\u0435\u0449\u0435\u043d\u0438\u044f\u0445 \u0438 \u043d\u0430 \u0443\u043b\u0438\u0446\u0435, \u043f\u0440\u0435\u0434\u043d\u0430\u0437\u043d\u0430\u0447\u0435\u043d\u043d\u044b\u0435 \u0434\u043b\u044f \u0436\u0438\u043b\u044b\u0445 \u043f\u043e\u043c\u0435\u0449\u0435\u043d\u0438\u0439 \u0438 \u0441\u0444\u0435\u0440\u044b \u0443\u0441\u043b\u0443\u0433.<\/p>","protected":false},"featured_media":8726,"template":"","meta":{"_acf_changed":false},"product_brand":[],"product_cat":[80,50,59],"product_tag":[66],"class_list":{"0":"post-8725","1":"product","2":"type-product","3":"status-publish","4":"has-post-thumbnail","6":"product_cat-atputas-kresli","7":"product_cat-terases-mebeles","8":"product_cat-zvilni","9":"product_tag-grattoni","11":"first","12":"instock","13":"shipping-taxable","14":"purchasable","15":"product-type-simple"},"acf":[],"_links":{"self":[{"href":"https:\/\/lightup.lv\/ru\/wp-json\/wp\/v2\/product\/8725","targetHints":{"allow":["GET"]}}],"collection":[{"href":"https:\/\/lightup.lv\/ru\/wp-json\/wp\/v2\/product"}],"about":[{"href":"https:\/\/lightup.lv\/ru\/wp-json\/wp\/v2\/types\/product"}],"wp:featuredmedia":[{"embeddable":true,"href":"https:\/\/lightup.lv\/ru\/wp-json\/wp\/v2\/media\/8726"}],"wp:attachment":[{"href":"https:\/\/lightup.lv\/ru\/wp-json\/wp\/v2\/media?parent=8725"}],"wp:term":[{"taxonomy":"product_brand","embeddable":true,"href":"https:\/\/lightup.lv\/ru\/wp-json\/wp\/v2\/product_brand?post=8725"},{"taxonomy":"product_cat","embeddable":true,"href":"https:\/\/lightup.lv\/ru\/wp-json\/wp\/v2\/product_cat?post=8725"},{"taxonomy":"product_tag","embeddable":true,"href":"https:\/\/lightup.lv\/ru\/wp-json\/wp\/v2\/product_tag?post=8725"}],"curies":[{"name":"WP","href":"https:\/\/api.w.org\/{rel}","templated":true}]}}