{"id":9401,"date":"2021-11-11T13:13:50","date_gmt":"2021-11-11T13:13:50","guid":{"rendered":"https:\/\/lightup.lv\/product\/iebuvejams-shot-light-65w-led-940lm-3000k\/"},"modified":"2024-01-29T13:01:38","modified_gmt":"2024-01-29T13:01:38","slug":"iebuvejams-shot-light-65w-led-940lm-3000k","status":"publish","type":"product","link":"https:\/\/lightup.lv\/ru\/%d0%ba%d0%b0%d1%82%d0%b0%d0%bb%d0%be%d0%b3-%d0%bf%d1%80%d0%be%d0%b4%d1%83%d0%ba%d1%86%d0%b8%d0%b8\/iebuvejams-shot-light-65w-led-940lm-3000k\/","title":{"rendered":"Ieb\u016bv\u0113jams SHOT light 6,5W LED 940lm 3000K"},"content":{"rendered":"<p>\u0412\u0441\u0442\u0440\u0430\u0438\u0432\u0430\u0435\u043c\u044b\u0439 \u0441\u0432\u0435\u0442\u0438\u043b\u044c\u043d\u0438\u043a:<\/p>\n<p>Pieejamas da\u017e\u0101da skr\u0101sas: White \/ Black \/ Black-Metallized gold \/ White-Metallized gold<br \/>\nPieejams da\u017e\u0101d\u0101s konfigur\u0101cij\u0101s -5 W \/ 6,5 W \/ 10,3 W, 2700K \/ 3000K \/ 4000K<\/p>\n<p>ID A2970211W<\/p>","protected":false},"excerpt":{"rendered":"<p>D: 82 mm H:85mm<br \/>\n6,5W LED 940lm 3000K<\/p>","protected":false},"featured_media":9402,"template":"","meta":{"_acf_changed":false},"product_brand":[],"product_cat":[42,86],"product_tag":[123],"class_list":{"0":"post-9401","1":"product","2":"type-product","3":"status-publish","4":"has-post-thumbnail","6":"product_cat-apgaismojums","7":"product_cat-iebuvejamas-lampas","8":"product_tag-arkoslight","10":"first","11":"instock","12":"shipping-taxable","13":"purchasable","14":"product-type-simple"},"acf":[],"_links":{"self":[{"href":"https:\/\/lightup.lv\/ru\/wp-json\/wp\/v2\/product\/9401","targetHints":{"allow":["GET"]}}],"collection":[{"href":"https:\/\/lightup.lv\/ru\/wp-json\/wp\/v2\/product"}],"about":[{"href":"https:\/\/lightup.lv\/ru\/wp-json\/wp\/v2\/types\/product"}],"wp:featuredmedia":[{"embeddable":true,"href":"https:\/\/lightup.lv\/ru\/wp-json\/wp\/v2\/media\/9402"}],"wp:attachment":[{"href":"https:\/\/lightup.lv\/ru\/wp-json\/wp\/v2\/media?parent=9401"}],"wp:term":[{"taxonomy":"product_brand","embeddable":true,"href":"https:\/\/lightup.lv\/ru\/wp-json\/wp\/v2\/product_brand?post=9401"},{"taxonomy":"product_cat","embeddable":true,"href":"https:\/\/lightup.lv\/ru\/wp-json\/wp\/v2\/product_cat?post=9401"},{"taxonomy":"product_tag","embeddable":true,"href":"https:\/\/lightup.lv\/ru\/wp-json\/wp\/v2\/product_tag?post=9401"}],"curies":[{"name":"wp","href":"https:\/\/api.w.org\/{rel}","templated":true}]}}