{"id":9553,"date":"2022-05-06T10:01:29","date_gmt":"2022-05-06T10:01:29","guid":{"rendered":"https:\/\/lightup.lv\/product\/babila-kresls\/"},"modified":"2024-01-30T16:01:54","modified_gmt":"2024-01-30T16:01:54","slug":"babila-kresls","status":"publish","type":"product","link":"https:\/\/lightup.lv\/ru\/precu-katalogs\/babila-kresls\/","title":{"rendered":"\u0441\u0442\u0443\u043b \u041f\u0435\u0434\u0440\u0430\u043b\u0438 \u0411\u0430\u0431\u0438\u043b\u0430"},"content":{"rendered":"<p>\u0420\u0430\u0437\u043d\u044b\u0435 \u0446\u0432\u0435\u0442\u0430<\/p>\n<p>Materi\u0101ls &#8211; Met\u0101la k\u0101jas, tehnopolim\u0113ra s\u0113de<\/p>\n<p>\u0412\u044b\u0441\u043e\u0442\u0430 \u0441\u0442\u0443\u043b\u0430 \u2013 80 \u0441\u043c.<\/p>\n<p>\u0414\u043b\u0438\u043d\u0430 \u0441\u0442\u0443\u043b\u0430 \u2013 50 \u0441\u043c.<\/p>\n<p>S\u0113des platums \u201352\u00a0 cm<\/p>\n<p>\u0412\u044b\u0441\u043e\u0442\u0430 \u0441\u0438\u0434\u0435\u043d\u044c\u044f \u2013 46,5 \u0441\u043c.<\/p>\n<p>ID 2730<\/p>","protected":false},"excerpt":{"rendered":"<p>\u0160\u012bs kolekcijas stipr\u0101 puse ir t\u0101s vienk\u0101r\u0161\u012bba un tie\u0161ums. Kr\u0113sls ar tehnopolim\u0113ra s\u0113di un 16mm t\u0113rauda caurules r\u0101mi, kas p\u0101rkl\u0101ts ar pulvera p\u0101rkl\u0101jumu un ir piem\u0113rots \u0101rtelp\u0101m. Saliekams viens uz otra. Cena var at\u0161\u0137irties izv\u0113l\u0113t\u0101 materi\u0101la d\u0113\u013c.<\/p>","protected":false},"featured_media":9554,"template":"","meta":{"_acf_changed":false},"product_brand":[],"product_cat":[121,28],"product_tag":[125],"class_list":{"0":"post-9553","1":"product","2":"type-product","3":"status-publish","4":"has-post-thumbnail","6":"product_cat-biroja-kresli","7":"product_cat-kresli","8":"product_tag-pedrali","10":"first","11":"instock","12":"shipping-taxable","13":"purchasable","14":"product-type-simple"},"acf":[],"_links":{"self":[{"href":"https:\/\/lightup.lv\/ru\/wp-json\/wp\/v2\/product\/9553","targetHints":{"allow":["GET"]}}],"collection":[{"href":"https:\/\/lightup.lv\/ru\/wp-json\/wp\/v2\/product"}],"about":[{"href":"https:\/\/lightup.lv\/ru\/wp-json\/wp\/v2\/types\/product"}],"wp:featuredmedia":[{"embeddable":true,"href":"https:\/\/lightup.lv\/ru\/wp-json\/wp\/v2\/media\/9554"}],"wp:attachment":[{"href":"https:\/\/lightup.lv\/ru\/wp-json\/wp\/v2\/media?parent=9553"}],"wp:term":[{"taxonomy":"product_brand","embeddable":true,"href":"https:\/\/lightup.lv\/ru\/wp-json\/wp\/v2\/product_brand?post=9553"},{"taxonomy":"product_cat","embeddable":true,"href":"https:\/\/lightup.lv\/ru\/wp-json\/wp\/v2\/product_cat?post=9553"},{"taxonomy":"product_tag","embeddable":true,"href":"https:\/\/lightup.lv\/ru\/wp-json\/wp\/v2\/product_tag?post=9553"}],"curies":[{"name":"WP","href":"https:\/\/api.w.org\/{rel}","templated":true}]}}