{"id":9577,"date":"2022-05-06T11:26:52","date_gmt":"2022-05-06T11:26:52","guid":{"rendered":"https:\/\/lightup.lv\/product\/babila-kresls-no-koka\/"},"modified":"2024-01-30T16:00:39","modified_gmt":"2024-01-30T16:00:39","slug":"babila-kresls-no-koka","status":"publish","type":"product","link":"https:\/\/lightup.lv\/ru\/%d0%ba%d0%b0%d1%82%d0%b0%d0%bb%d0%be%d0%b3-%d0%bf%d1%80%d0%be%d0%b4%d1%83%d0%ba%d1%86%d0%b8%d0%b8\/babila-kresls-no-koka\/","title":{"rendered":"Koka kr\u0113sls Pedrali Babila"},"content":{"rendered":"<p>Materi\u0101ls &#8211; Koks<\/p>\n<p>Kr\u0113sla augstums \u2013 79 cm<\/p>\n<p>Kr\u0113sla garums \u2013 52,5 cm<\/p>\n<p>S\u0113des platums \u201344\u00a0 cm<\/p>\n<p>\u0412\u044b\u0441\u043e\u0442\u0430 \u0441\u0438\u0434\u0435\u043d\u044c\u044f \u2013 46,5 \u0441\u043c.<\/p>\n<p>ID 2700<\/p>","protected":false},"excerpt":{"rendered":"<p>\u0160\u012bs kolekcijas stipr\u0101 puse ir t\u0101s vienk\u0101r\u0161\u012bba un tie\u0161ums. Kr\u0113sls ar main\u012bga biezuma o\u0161a sapl\u0101k\u0161\u0146a s\u0113di un mas\u012bvkoka o\u0161a koka k\u0101j\u0101m. Piem\u0113rots iek\u0161telp\u0101m.<\/p>","protected":false},"featured_media":9578,"template":"","meta":{"_acf_changed":false},"product_brand":[],"product_cat":[28,38],"product_tag":[125],"class_list":{"0":"post-9577","1":"product","2":"type-product","3":"status-publish","4":"has-post-thumbnail","6":"product_cat-kresli","7":"product_cat-kresli-pie-galda","8":"product_tag-pedrali","10":"first","11":"instock","12":"shipping-taxable","13":"purchasable","14":"product-type-simple"},"acf":[],"_links":{"self":[{"href":"https:\/\/lightup.lv\/ru\/wp-json\/wp\/v2\/product\/9577","targetHints":{"allow":["GET"]}}],"collection":[{"href":"https:\/\/lightup.lv\/ru\/wp-json\/wp\/v2\/product"}],"about":[{"href":"https:\/\/lightup.lv\/ru\/wp-json\/wp\/v2\/types\/product"}],"wp:featuredmedia":[{"embeddable":true,"href":"https:\/\/lightup.lv\/ru\/wp-json\/wp\/v2\/media\/9578"}],"wp:attachment":[{"href":"https:\/\/lightup.lv\/ru\/wp-json\/wp\/v2\/media?parent=9577"}],"wp:term":[{"taxonomy":"product_brand","embeddable":true,"href":"https:\/\/lightup.lv\/ru\/wp-json\/wp\/v2\/product_brand?post=9577"},{"taxonomy":"product_cat","embeddable":true,"href":"https:\/\/lightup.lv\/ru\/wp-json\/wp\/v2\/product_cat?post=9577"},{"taxonomy":"product_tag","embeddable":true,"href":"https:\/\/lightup.lv\/ru\/wp-json\/wp\/v2\/product_tag?post=9577"}],"curies":[{"name":"wp","href":"https:\/\/api.w.org\/{rel}","templated":true}]}}