{"id":9628,"date":"2022-05-07T15:12:40","date_gmt":"2022-05-07T15:12:40","guid":{"rendered":"https:\/\/lightup.lv\/product\/kresls-pedrali-babila-ar-ritentiniem\/"},"modified":"2024-01-30T15:58:15","modified_gmt":"2024-01-30T15:58:15","slug":"kresls-pedrali-babila-ar-ritentiniem","status":"publish","type":"product","link":"https:\/\/lightup.lv\/ru\/precu-katalogs\/kresls-pedrali-babila-ar-ritentiniem\/","title":{"rendered":"\u0421\u0442\u0443\u043b Pedrali Babila \u043d\u0430 \u043a\u043e\u043b\u0435\u0441\u0430\u0445"},"content":{"rendered":"<p>Materi\u0101ls \u2013 Polipropil\u0113ns, T\u0113rauds, Alum\u012bnijs<br \/>\n\u0414\u043e\u0441\u0442\u0443\u043f\u043d\u044b \u0440\u0430\u0437\u043b\u0438\u0447\u043d\u044b\u0435 \u0446\u0432\u0435\u0442\u0430<br \/>\nKr\u0113sla augstums \u2013 77,5 cm<br \/>\nRoku balstu ausgstums &#8211; 64 cm<br \/>\n\u0414\u043b\u0438\u043d\u0430 \u0441\u0442\u0443\u043b\u0430 \u2013 54,5 \u0441\u043c.<br \/>\nS\u0113des platums \u201353,5 cm<br \/>\n\u0412\u044b\u0441\u043e\u0442\u0430 \u0441\u0438\u0434\u0435\u043d\u044c\u044f \u2013 45 \u0441\u043c.<\/p>\n<p>ID 2775<\/p>","protected":false},"excerpt":{"rendered":"<p>Atzveltnes kr\u0113sls ar polipropil\u0113na s\u0113di, t\u0113rauda r\u0101mi un \u0161tanc\u0113tu \u010detrzvaig\u017e\u0146u alum\u012bnija pamatni ar ritenti\u0146iem.<\/p>\n<p>Cena var at\u0161\u0137irties izv\u0113l\u0113t\u0101 materi\u0101la d\u0113\u013c.<\/p>","protected":false},"featured_media":9629,"template":"","meta":{"_acf_changed":false},"product_brand":[],"product_cat":[126,121,28],"product_tag":[125],"class_list":{"0":"post-9628","1":"product","2":"type-product","3":"status-publish","4":"has-post-thumbnail","6":"product_cat-apmekletaju-kresli","7":"product_cat-biroja-kresli","8":"product_cat-kresli","9":"product_tag-pedrali","11":"first","12":"instock","13":"shipping-taxable","14":"purchasable","15":"product-type-simple"},"acf":[],"_links":{"self":[{"href":"https:\/\/lightup.lv\/ru\/wp-json\/wp\/v2\/product\/9628","targetHints":{"allow":["GET"]}}],"collection":[{"href":"https:\/\/lightup.lv\/ru\/wp-json\/wp\/v2\/product"}],"about":[{"href":"https:\/\/lightup.lv\/ru\/wp-json\/wp\/v2\/types\/product"}],"wp:featuredmedia":[{"embeddable":true,"href":"https:\/\/lightup.lv\/ru\/wp-json\/wp\/v2\/media\/9629"}],"wp:attachment":[{"href":"https:\/\/lightup.lv\/ru\/wp-json\/wp\/v2\/media?parent=9628"}],"wp:term":[{"taxonomy":"product_brand","embeddable":true,"href":"https:\/\/lightup.lv\/ru\/wp-json\/wp\/v2\/product_brand?post=9628"},{"taxonomy":"product_cat","embeddable":true,"href":"https:\/\/lightup.lv\/ru\/wp-json\/wp\/v2\/product_cat?post=9628"},{"taxonomy":"product_tag","embeddable":true,"href":"https:\/\/lightup.lv\/ru\/wp-json\/wp\/v2\/product_tag?post=9628"}],"curies":[{"name":"WP","href":"https:\/\/api.w.org\/{rel}","templated":true}]}}