{"id":9700,"date":"2022-05-08T16:58:30","date_gmt":"2022-05-08T16:58:30","guid":{"rendered":"https:\/\/lightup.lv\/product\/kresls-pedrali-blitz-ar-atzveltni\/"},"modified":"2024-01-30T15:55:04","modified_gmt":"2024-01-30T15:55:04","slug":"kresls-pedrali-blitz-ar-atzveltni","status":"publish","type":"product","link":"https:\/\/lightup.lv\/ru\/precu-katalogs\/kresls-pedrali-blitz-ar-atzveltni\/","title":{"rendered":"\u0421\u0442\u0443\u043b Pedrali Blitz"},"content":{"rendered":"<p>Materi\u0101ls \u2013 Polikarbon\u0101ts<br \/>\n\u0414\u043e\u0441\u0442\u0443\u043f\u043d\u044b \u0440\u0430\u0437\u043b\u0438\u0447\u043d\u044b\u0435 \u0446\u0432\u0435\u0442\u0430<br \/>\nKr\u0113sla augstums \u201381,5 cm<br \/>\nS\u0113des platums \u2013 51,5 cm<br \/>\n\u0414\u043b\u0438\u043d\u0430 \u0441\u0442\u0443\u043b\u0430 \u201353 \u0441\u043c<br \/>\n\u0412\u044b\u0441\u043e\u0442\u0430 \u0441\u0438\u0434\u0435\u043d\u044c\u044f \u2013 45 \u0441\u043c.<\/p>\n<p>ID 640<\/p>","protected":false},"excerpt":{"rendered":"<p>Sakraujams polikarbon\u0101ta kr\u0113sls, pieejams da\u017e\u0101d\u0101s kr\u0101s\u0101s vai caursp\u012bd\u012bgs. S\u0113de ir ar nelielu padzi\u013cin\u0101jumu, kur\u0101 var ievietot polster\u0113jumu, un to var apvilkt ar da\u017e\u0101diem audumiem.<\/p>","protected":false},"featured_media":9701,"template":"","meta":{"_acf_changed":false},"product_brand":[],"product_cat":[126,121,124,28],"product_tag":[125],"class_list":{"0":"post-9700","1":"product","2":"type-product","3":"status-publish","4":"has-post-thumbnail","6":"product_cat-apmekletaju-kresli","7":"product_cat-biroja-kresli","8":"product_cat-kresli-konfernecu","9":"product_cat-kresli","10":"product_tag-pedrali","12":"first","13":"instock","14":"shipping-taxable","15":"purchasable","16":"product-type-simple"},"acf":[],"_links":{"self":[{"href":"https:\/\/lightup.lv\/ru\/wp-json\/wp\/v2\/product\/9700","targetHints":{"allow":["GET"]}}],"collection":[{"href":"https:\/\/lightup.lv\/ru\/wp-json\/wp\/v2\/product"}],"about":[{"href":"https:\/\/lightup.lv\/ru\/wp-json\/wp\/v2\/types\/product"}],"wp:featuredmedia":[{"embeddable":true,"href":"https:\/\/lightup.lv\/ru\/wp-json\/wp\/v2\/media\/9701"}],"wp:attachment":[{"href":"https:\/\/lightup.lv\/ru\/wp-json\/wp\/v2\/media?parent=9700"}],"wp:term":[{"taxonomy":"product_brand","embeddable":true,"href":"https:\/\/lightup.lv\/ru\/wp-json\/wp\/v2\/product_brand?post=9700"},{"taxonomy":"product_cat","embeddable":true,"href":"https:\/\/lightup.lv\/ru\/wp-json\/wp\/v2\/product_cat?post=9700"},{"taxonomy":"product_tag","embeddable":true,"href":"https:\/\/lightup.lv\/ru\/wp-json\/wp\/v2\/product_tag?post=9700"}],"curies":[{"name":"WP","href":"https:\/\/api.w.org\/{rel}","templated":true}]}}