{"id":9850,"date":"2022-05-09T09:40:30","date_gmt":"2022-05-09T09:40:30","guid":{"rendered":"https:\/\/lightup.lv\/product\/kresls-dome-ar-atzveltni\/"},"modified":"2024-01-30T15:46:41","modified_gmt":"2024-01-30T15:46:41","slug":"kresls-dome-ar-atzveltni","status":"publish","type":"product","link":"https:\/\/lightup.lv\/ru\/precu-katalogs\/kresls-dome-ar-atzveltni\/","title":{"rendered":"\u041a\u0440\u0435\u0441\u043b\u043e-\u043a\u0443\u043f\u043e\u043b \u0441\u043e \u0441\u043f\u0438\u043d\u043a\u043e\u0439"},"content":{"rendered":"<p>\u041c\u0430\u0442\u0435\u0440\u0438\u0430\u043b \u2013 \u041f\u043e\u043b\u0438\u043f\u0440\u043e\u043f\u0438\u043b\u0435\u043d<br \/>\n\u0414\u043e\u0441\u0442\u0443\u043f\u043d\u044b \u0440\u0430\u0437\u043b\u0438\u0447\u043d\u044b\u0435 \u0446\u0432\u0435\u0442\u0430<br \/>\n\u0412\u044b\u0441\u043e\u0442\u0430 \u0441\u0442\u0443\u043b\u0430 \u201381 \u0441\u043c<br \/>\n\u0428\u0438\u0440\u0438\u043d\u0430 \u0441\u0438\u0434\u0435\u043d\u044c\u044f \u2013 52 \u0441\u043c.<br \/>\n\u0414\u043b\u0438\u043d\u0430 \u0441\u0442\u0443\u043b\u0430 \u201353 \u0441\u043c<br \/>\n\u0412\u044b\u0441\u043e\u0442\u0430 \u0441\u0438\u0434\u0435\u043d\u044c\u044f \u2013 46 \u0441\u043c.<\/p>\n<p>ID 260<\/p>","protected":false},"excerpt":{"rendered":"<p>Ar stikla \u0161\u0137iedru pastiprin\u0101ts polipropil\u0113na kr\u0113sls, kam rakstur\u012bgas smalkas deta\u013cas, kas atg\u0101dina koka savienojumus.<\/p>\n<p>Saliekams viens uz otra.<\/p>","protected":false},"featured_media":9851,"template":"","meta":{"_acf_changed":false},"product_brand":[],"product_cat":[126,115,121,101,124,28,51,122,50],"product_tag":[125],"class_list":{"0":"post-9850","1":"product","2":"type-product","3":"status-publish","4":"has-post-thumbnail","6":"product_cat-apmekletaju-kresli","7":"product_cat-atputas-kresli-publisko-telpu-mebeles","8":"product_cat-biroja-kresli","9":"product_cat-biroja-mebeles","10":"product_cat-kresli-konfernecu","11":"product_cat-kresli","12":"product_cat-kresli-terases-mebeles","13":"product_cat-terases-bara-kresli","14":"product_cat-terases-mebeles","15":"product_tag-pedrali","17":"first","18":"instock","19":"shipping-taxable","20":"purchasable","21":"product-type-simple"},"acf":[],"_links":{"self":[{"href":"https:\/\/lightup.lv\/ru\/wp-json\/wp\/v2\/product\/9850","targetHints":{"allow":["GET"]}}],"collection":[{"href":"https:\/\/lightup.lv\/ru\/wp-json\/wp\/v2\/product"}],"about":[{"href":"https:\/\/lightup.lv\/ru\/wp-json\/wp\/v2\/types\/product"}],"wp:featuredmedia":[{"embeddable":true,"href":"https:\/\/lightup.lv\/ru\/wp-json\/wp\/v2\/media\/9851"}],"wp:attachment":[{"href":"https:\/\/lightup.lv\/ru\/wp-json\/wp\/v2\/media?parent=9850"}],"wp:term":[{"taxonomy":"product_brand","embeddable":true,"href":"https:\/\/lightup.lv\/ru\/wp-json\/wp\/v2\/product_brand?post=9850"},{"taxonomy":"product_cat","embeddable":true,"href":"https:\/\/lightup.lv\/ru\/wp-json\/wp\/v2\/product_cat?post=9850"},{"taxonomy":"product_tag","embeddable":true,"href":"https:\/\/lightup.lv\/ru\/wp-json\/wp\/v2\/product_tag?post=9850"}],"curies":[{"name":"WP","href":"https:\/\/api.w.org\/{rel}","templated":true}]}}