{"id":9977,"date":"2022-05-10T07:01:37","date_gmt":"2022-05-10T07:01:37","guid":{"rendered":"https:\/\/lightup.lv\/product\/kresls-gliss-3\/"},"modified":"2024-01-30T15:30:05","modified_gmt":"2024-01-30T15:30:05","slug":"kresls-gliss-3","status":"publish","type":"product","link":"https:\/\/lightup.lv\/ru\/precu-katalogs\/kresls-gliss-3\/","title":{"rendered":"Kr\u0113sls Gliss"},"content":{"rendered":"<p>Materi\u0101ls \u2013 Polikarbon\u0101ts, T\u0113rauds<br \/>\n\u0420\u0430\u0437\u043d\u044b\u0435 \u0446\u0432\u0435\u0442\u0430<br \/>\nKr\u0113sla augstums \u201374,5 cm<br \/>\n\u0428\u0438\u0440\u0438\u043d\u0430 \u0441\u0438\u0434\u0435\u043d\u044c\u044f \u2013 59,5 \u0441\u043c.<br \/>\nKr\u0113sla garums \u201357 cm<br \/>\nS\u0113des augstums \u2013 44 cm<\/p>\n<p>ID 921<\/p>","protected":false},"excerpt":{"rendered":"<p>Gliss ir m\u0101j\u012bga un ergonomiska forma, ko iedvesmoju\u0161i ikoniskie \u201cFifties\u201d kr\u0113sli, ar rakstur\u012bgu caurumu korpus\u0101. Kolekcija izce\u013cas ar savu komfortu un funkcionalit\u0101ti, ko pie\u0161\u0137ir l\u012bkumotie roku balsti, kas aptver \u0137ermeni un \u0113rta vad\u0101m\u012bba. Kr\u0113sls ar polikarbon\u0101ta apvalku un \u00d8 10mm t\u0113rauda stie\u0146u r\u0101mi.<\/p>","protected":false},"featured_media":9978,"template":"","meta":{"_acf_changed":false},"product_brand":[],"product_cat":[126,80,115,101,28,51,50],"product_tag":[125],"class_list":{"0":"post-9977","1":"product","2":"type-product","3":"status-publish","4":"has-post-thumbnail","6":"product_cat-apmekletaju-kresli","7":"product_cat-atputas-kresli","8":"product_cat-atputas-kresli-publisko-telpu-mebeles","9":"product_cat-biroja-mebeles","10":"product_cat-kresli","11":"product_cat-kresli-terases-mebeles","12":"product_cat-terases-mebeles","13":"product_tag-pedrali","15":"first","16":"instock","17":"shipping-taxable","18":"purchasable","19":"product-type-simple"},"acf":[],"_links":{"self":[{"href":"https:\/\/lightup.lv\/ru\/wp-json\/wp\/v2\/product\/9977","targetHints":{"allow":["GET"]}}],"collection":[{"href":"https:\/\/lightup.lv\/ru\/wp-json\/wp\/v2\/product"}],"about":[{"href":"https:\/\/lightup.lv\/ru\/wp-json\/wp\/v2\/types\/product"}],"wp:featuredmedia":[{"embeddable":true,"href":"https:\/\/lightup.lv\/ru\/wp-json\/wp\/v2\/media\/9978"}],"wp:attachment":[{"href":"https:\/\/lightup.lv\/ru\/wp-json\/wp\/v2\/media?parent=9977"}],"wp:term":[{"taxonomy":"product_brand","embeddable":true,"href":"https:\/\/lightup.lv\/ru\/wp-json\/wp\/v2\/product_brand?post=9977"},{"taxonomy":"product_cat","embeddable":true,"href":"https:\/\/lightup.lv\/ru\/wp-json\/wp\/v2\/product_cat?post=9977"},{"taxonomy":"product_tag","embeddable":true,"href":"https:\/\/lightup.lv\/ru\/wp-json\/wp\/v2\/product_tag?post=9977"}],"curies":[{"name":"WP","href":"https:\/\/api.w.org\/{rel}","templated":true}]}}